{"id":18761,"date":"2026-04-10T18:44:00","date_gmt":"2026-04-10T18:44:00","guid":{"rendered":""},"modified":"2026-04-10T18:44:00","modified_gmt":"2026-04-10T18:44:00","slug":"bico-snake-keti-kaelakee-ft106-4mm-5-32","status":"publish","type":"product","link":"https:\/\/bico.ee\/fi\/p\/bico-snake-ketjukaulakoru-ft106-4mm-5-32\/","title":{"rendered":"Bico &#8220;Snake&#8221;  ketjukaulakoru (FT106) 4mm 5\/32\u2033"},"content":{"rendered":"<p>T\u00e4m\u00e4 ketju on valmistettu kiinte\u00e4st\u00e4 messingist\u00e4, ei ter\u00e4ksest\u00e4 tai sinkist\u00e4, kuten halvemmat ketjut. Ketju on p\u00e4\u00e4llystetty puhtaalla hopealla, hapettu, kiillotettu k\u00e4sin kiilt\u00e4v\u00e4ksi ja p\u00e4\u00e4llystetty sitten ensiluokkaisella suojakerroksella pident\u00e4\u00e4kseen k\u00e4ytt\u00f6ik\u00e4\u00e4. T\u00e4ydellinen yhdistett\u00e4v\u00e4ksi BICO BT- ja BTS -riippuvalaisimien kanssa. Jokainen ketju on valmistettu kiinte\u00e4st\u00e4 messingist\u00e4 ja p\u00e4\u00e4llystetty sitten puhtaalla hopeakerroksella. Saatavana my\u00f6s satiinihopeana (F14 -ketju) tai kiilt\u00e4v\u00e4n mustana (F14BLK -ketju) Saatavilla olevat pituudet: 40, 45, 50 ja 55 cm Bico tarjoaa valikoiman kiillotettuja BT -riipuksia sarjan t\u00e4ydent\u00e4miseksi.<\/p>","protected":false},"excerpt":{"rendered":"<p>FT106 0<\/p>\n","protected":false},"featured_media":26408,"template":"","meta":[],"product_cat":[204],"product_tag":[],"_links":{"self":[{"href":"https:\/\/bico.ee\/fi\/wp-json\/wp\/v2\/product\/18761"}],"collection":[{"href":"https:\/\/bico.ee\/fi\/wp-json\/wp\/v2\/product"}],"about":[{"href":"https:\/\/bico.ee\/fi\/wp-json\/wp\/v2\/types\/product"}],"wp:featuredmedia":[{"embeddable":true,"href":"https:\/\/bico.ee\/fi\/wp-json\/wp\/v2\/media\/26408"}],"wp:attachment":[{"href":"https:\/\/bico.ee\/fi\/wp-json\/wp\/v2\/media?parent=18761"}],"wp:term":[{"taxonomy":"product_cat","embeddable":true,"href":"https:\/\/bico.ee\/fi\/wp-json\/wp\/v2\/product_cat?post=18761"},{"taxonomy":"product_tag","embeddable":true,"href":"https:\/\/bico.ee\/fi\/wp-json\/wp\/v2\/product_tag?post=18761"}],"curies":[{"name":"wp","href":"https:\/\/api.w.org\/{rel}","templated":true}]}}