{"id":18775,"date":"2026-04-10T18:44:00","date_gmt":"2026-04-10T18:44:00","guid":{"rendered":""},"modified":"2026-04-10T18:44:00","modified_gmt":"2026-04-10T18:44:00","slug":"bico-kasitsi-valmistatud-kett-silmusega-f300-5mm-3-16","status":"publish","type":"product","link":"https:\/\/bico.ee\/fi\/p\/bico-kasintehty-ketju-silmukalla-f300-5mm-3-16\/","title":{"rendered":"Bico k\u00e4sintehty ketju silmukalla (F300) 5mm 3\/16\u2033"},"content":{"rendered":"<p>T\u00e4m\u00e4 ketju on alkuper\u00e4inen Bico -malli, joka on valmistettu yksil\u00f6llisesti valetusta ja k\u00e4sin viimeistetyst\u00e4 tinalenkist\u00e4, jotka sitten yhdistet\u00e4\u00e4n. Ketju on p\u00e4\u00e4llystetty puhtaalla hopealla, matta viimeistelty k\u00e4sin ja p\u00e4\u00e4llystetty ensiluokkaisella suojakerroksella pident\u00e4\u00e4kseen k\u00e4ytt\u00f6ik\u00e4\u00e4. Lukot ovat k\u00e4sintehtyj\u00e4 avausleuilla, jotka joustuvat sulkeutumaan suuren hyppysilmukan yli. Nimi: Susi K\u00e4sin tehty yksil\u00f6llisesti valettuista tinalenkeist\u00e4, hopeoitu ja kiillotettu satiinipinnoitteeseen. Saatavilla olevat pituudet: 40, 45, 50 ja 55 cm Voidaan k\u00e4ytt\u00e4\u00e4 yksin\u00e4\u00e4n tai Bico -riipuksen kanssa.<\/p>","protected":false},"excerpt":{"rendered":"<p>F300 0<\/p>\n","protected":false},"featured_media":18776,"template":"","meta":[],"product_cat":[199],"product_tag":[],"_links":{"self":[{"href":"https:\/\/bico.ee\/fi\/wp-json\/wp\/v2\/product\/18775"}],"collection":[{"href":"https:\/\/bico.ee\/fi\/wp-json\/wp\/v2\/product"}],"about":[{"href":"https:\/\/bico.ee\/fi\/wp-json\/wp\/v2\/types\/product"}],"wp:featuredmedia":[{"embeddable":true,"href":"https:\/\/bico.ee\/fi\/wp-json\/wp\/v2\/media\/18776"}],"wp:attachment":[{"href":"https:\/\/bico.ee\/fi\/wp-json\/wp\/v2\/media?parent=18775"}],"wp:term":[{"taxonomy":"product_cat","embeddable":true,"href":"https:\/\/bico.ee\/fi\/wp-json\/wp\/v2\/product_cat?post=18775"},{"taxonomy":"product_tag","embeddable":true,"href":"https:\/\/bico.ee\/fi\/wp-json\/wp\/v2\/product_tag?post=18775"}],"curies":[{"name":"wp","href":"https:\/\/api.w.org\/{rel}","templated":true}]}}