{"id":18793,"date":"2026-04-10T18:44:00","date_gmt":"2026-04-10T18:44:00","guid":{"rendered":""},"modified":"2026-04-10T18:44:00","modified_gmt":"2026-04-10T18:44:00","slug":"bico-navajo-kasitsi-valmistatud-kummist-ja-metallist-kaelakee-cb6","status":"publish","type":"product","link":"https:\/\/bico.ee\/fi\/p\/bico-navajo-kasintehty-kumi-ja-metallikaulakoru-cb6\/","title":{"rendered":"Bico &#8220;Navajo&#8221; k\u00e4sintehty kumi  ja metallikaulakoru (CB6)"},"content":{"rendered":"<p>T\u00e4m\u00e4 ketju on alkuper\u00e4inen Bico -malli, joka on valmistettu yksil\u00f6llisesti valetusta ja k\u00e4sin viimeistetyst\u00e4 tinaelementist\u00e4, jotka sitten kootaan kuminauhalle. Metalli on p\u00e4\u00e4llystetty puhtaalla hopealla, matta viimeistelty k\u00e4sin ja p\u00e4\u00e4llystetty premium -suojakerroksella pident\u00e4m\u00e4\u00e4n kulumista. Nimi: Navajo Merkitys: Luovuus ja ajatus K\u00e4sintehty yksil\u00f6llisesti valettuista ja valmiista tinaelementteist\u00e4 kuminauhalla Saatavilla olevat pituudet: 40, 45 ja 50 cm.<\/p>","protected":false},"excerpt":{"rendered":"<p>CB6 0<\/p>\n","protected":false},"featured_media":18794,"template":"","meta":[],"product_cat":[103],"product_tag":[],"_links":{"self":[{"href":"https:\/\/bico.ee\/fi\/wp-json\/wp\/v2\/product\/18793"}],"collection":[{"href":"https:\/\/bico.ee\/fi\/wp-json\/wp\/v2\/product"}],"about":[{"href":"https:\/\/bico.ee\/fi\/wp-json\/wp\/v2\/types\/product"}],"wp:featuredmedia":[{"embeddable":true,"href":"https:\/\/bico.ee\/fi\/wp-json\/wp\/v2\/media\/18794"}],"wp:attachment":[{"href":"https:\/\/bico.ee\/fi\/wp-json\/wp\/v2\/media?parent=18793"}],"wp:term":[{"taxonomy":"product_cat","embeddable":true,"href":"https:\/\/bico.ee\/fi\/wp-json\/wp\/v2\/product_cat?post=18793"},{"taxonomy":"product_tag","embeddable":true,"href":"https:\/\/bico.ee\/fi\/wp-json\/wp\/v2\/product_tag?post=18793"}],"curies":[{"name":"wp","href":"https:\/\/api.w.org\/{rel}","templated":true}]}}