{"id":18813,"date":"2026-04-10T18:44:00","date_gmt":"2026-04-10T18:44:00","guid":{"rendered":""},"modified":"2026-04-10T18:44:00","modified_gmt":"2026-04-10T18:44:00","slug":"bico-4mm-pruun-nahast-kaelakee-cl6-pruun","status":"publish","type":"product","link":"https:\/\/bico.ee\/fi\/p\/bico-4mm-ruskea-nahkainen-kaulakoru-cl6-ruskea\/","title":{"rendered":"Bico 4mm ruskea nahkainen kaulakoru (CL6 ruskea)"},"content":{"rendered":"<p>BICO -nahkatuotteet on valmistettu vain aidosta lehm\u00e4nnahasta. Koska nahka on luonnontuote, kunkin kappaleen v\u00e4ri ja rakenne eroavat hieman. Valmistettu 4 mm: n nahkajohdosta ja satiinipintaisesta ruostumattomasta ter\u00e4ksest\u00e4. Saatavana mustana tai ruskeanahkaisena Saatavilla olevat pituudet: 40, 45, 50 ja 55 cm Bico tarjoaa valikoiman alkuper\u00e4isi\u00e4 riipuksia sarjan t\u00e4ydent\u00e4miseksi.<\/p>","protected":false},"excerpt":{"rendered":"<p>CL6BR 0<\/p>\n","protected":false},"featured_media":18814,"template":"","meta":[],"product_cat":[313],"product_tag":[],"_links":{"self":[{"href":"https:\/\/bico.ee\/fi\/wp-json\/wp\/v2\/product\/18813"}],"collection":[{"href":"https:\/\/bico.ee\/fi\/wp-json\/wp\/v2\/product"}],"about":[{"href":"https:\/\/bico.ee\/fi\/wp-json\/wp\/v2\/types\/product"}],"wp:featuredmedia":[{"embeddable":true,"href":"https:\/\/bico.ee\/fi\/wp-json\/wp\/v2\/media\/18814"}],"wp:attachment":[{"href":"https:\/\/bico.ee\/fi\/wp-json\/wp\/v2\/media?parent=18813"}],"wp:term":[{"taxonomy":"product_cat","embeddable":true,"href":"https:\/\/bico.ee\/fi\/wp-json\/wp\/v2\/product_cat?post=18813"},{"taxonomy":"product_tag","embeddable":true,"href":"https:\/\/bico.ee\/fi\/wp-json\/wp\/v2\/product_tag?post=18813"}],"curies":[{"name":"wp","href":"https:\/\/api.w.org\/{rel}","templated":true}]}}