{"id":18827,"date":"2026-04-10T18:44:00","date_gmt":"2026-04-10T18:44:00","guid":{"rendered":""},"modified":"2026-04-10T18:44:00","modified_gmt":"2026-04-10T18:44:00","slug":"bico-2mm-pruun-punutud-kaelakee-cl12-pruun","status":"publish","type":"product","link":"https:\/\/bico.ee\/fi\/p\/bico-2mm-ruskea-punottu-kaulakoru-cl12-ruskea\/","title":{"rendered":"Bico 2mm ruskea punottu kaulakoru (CL12 ruskea)"},"content":{"rendered":"<p>Valmistettu 2 mm: n punotusta nahkajohdosta ja satiinipintaisesta ruostumattomasta ter\u00e4ksest\u00e4. Saatavilla olevat pituudet: 40, 45, 50, 55 ja 65 cm Bico tarjoaa valikoiman alkuper\u00e4isi\u00e4 riipuksia sarjan t\u00e4ydent\u00e4miseksi.<\/p>","protected":false},"excerpt":{"rendered":"<p>CL12BR 0<\/p>\n","protected":false},"featured_media":18828,"template":"","meta":[],"product_cat":[313],"product_tag":[],"_links":{"self":[{"href":"https:\/\/bico.ee\/fi\/wp-json\/wp\/v2\/product\/18827"}],"collection":[{"href":"https:\/\/bico.ee\/fi\/wp-json\/wp\/v2\/product"}],"about":[{"href":"https:\/\/bico.ee\/fi\/wp-json\/wp\/v2\/types\/product"}],"wp:featuredmedia":[{"embeddable":true,"href":"https:\/\/bico.ee\/fi\/wp-json\/wp\/v2\/media\/18828"}],"wp:attachment":[{"href":"https:\/\/bico.ee\/fi\/wp-json\/wp\/v2\/media?parent=18827"}],"wp:term":[{"taxonomy":"product_cat","embeddable":true,"href":"https:\/\/bico.ee\/fi\/wp-json\/wp\/v2\/product_cat?post=18827"},{"taxonomy":"product_tag","embeddable":true,"href":"https:\/\/bico.ee\/fi\/wp-json\/wp\/v2\/product_tag?post=18827"}],"curies":[{"name":"wp","href":"https:\/\/api.w.org\/{rel}","templated":true}]}}