{"id":18829,"date":"2026-04-10T18:44:00","date_gmt":"2026-04-10T18:44:00","guid":{"rendered":""},"modified":"2026-04-10T18:44:00","modified_gmt":"2026-04-10T18:44:00","slug":"bico-3mm-must-punutud-kaelakee-cl13-must","status":"publish","type":"product","link":"https:\/\/bico.ee\/fi\/p\/bico-3mm-musta-punottu-kaulakoru-cl13-musta\/","title":{"rendered":"Bico 3mm musta punottu kaulakoru (CL13 musta)"},"content":{"rendered":"<p>Valmistettu 3 mm: n punotusta johdosta ja satiinipinnoitetusta ruostumattomasta ter\u00e4ksest\u00e4. Saatavilla olevat pituudet: 40, 45, 50, 55 ja 65 cm Bico tarjoaa valikoiman alkuper\u00e4isi\u00e4 riipuksia sarjan t\u00e4ydent\u00e4miseksi.<\/p>","protected":false},"excerpt":{"rendered":"<p>CL13BLK 0<\/p>\n","protected":false},"featured_media":18830,"template":"","meta":[],"product_cat":[313],"product_tag":[],"_links":{"self":[{"href":"https:\/\/bico.ee\/fi\/wp-json\/wp\/v2\/product\/18829"}],"collection":[{"href":"https:\/\/bico.ee\/fi\/wp-json\/wp\/v2\/product"}],"about":[{"href":"https:\/\/bico.ee\/fi\/wp-json\/wp\/v2\/types\/product"}],"wp:featuredmedia":[{"embeddable":true,"href":"https:\/\/bico.ee\/fi\/wp-json\/wp\/v2\/media\/18830"}],"wp:attachment":[{"href":"https:\/\/bico.ee\/fi\/wp-json\/wp\/v2\/media?parent=18829"}],"wp:term":[{"taxonomy":"product_cat","embeddable":true,"href":"https:\/\/bico.ee\/fi\/wp-json\/wp\/v2\/product_cat?post=18829"},{"taxonomy":"product_tag","embeddable":true,"href":"https:\/\/bico.ee\/fi\/wp-json\/wp\/v2\/product_tag?post=18829"}],"curies":[{"name":"wp","href":"https:\/\/api.w.org\/{rel}","templated":true}]}}