{"id":18837,"date":"2026-04-10T18:44:00","date_gmt":"2026-04-10T18:44:00","guid":{"rendered":""},"modified":"2026-04-10T18:44:00","modified_gmt":"2026-04-10T18:44:00","slug":"bico-6mm-must-punutud-nahast-kaelakee-kasitsi-valmistatud-klambrite-ja-silmusega-cl15-must","status":"publish","type":"product","link":"https:\/\/bico.ee\/fi\/p\/bico-6-mm-musta-punottu-nahkakaulakoru-kasintehdyilla-lukkoilla-ja-silmukalla-cl15-musta\/","title":{"rendered":"Bico 6 mm musta punottu nahkakaulakoru k\u00e4sintehdyill\u00e4 lukkoilla ja silmukalla (CL15 musta)"},"content":{"rendered":"<p>Valmistettu 5 mm: n punotusta nahkajohdosta ja satiinipintaisesta ruostumattomasta ter\u00e4ksest\u00e4. Saatavana mustana tai ruskeanahkaisena Saatavilla olevat pituudet: 40, 45, 50, 55 ja 65 cm Bico tarjoaa valikoiman alkuper\u00e4isi\u00e4 riipuksia sarjan t\u00e4ydent\u00e4miseksi.<\/p>","protected":false},"excerpt":{"rendered":"<p>CL15BLK 0<\/p>\n","protected":false},"featured_media":18838,"template":"","meta":[],"product_cat":[313],"product_tag":[],"_links":{"self":[{"href":"https:\/\/bico.ee\/fi\/wp-json\/wp\/v2\/product\/18837"}],"collection":[{"href":"https:\/\/bico.ee\/fi\/wp-json\/wp\/v2\/product"}],"about":[{"href":"https:\/\/bico.ee\/fi\/wp-json\/wp\/v2\/types\/product"}],"wp:featuredmedia":[{"embeddable":true,"href":"https:\/\/bico.ee\/fi\/wp-json\/wp\/v2\/media\/18838"}],"wp:attachment":[{"href":"https:\/\/bico.ee\/fi\/wp-json\/wp\/v2\/media?parent=18837"}],"wp:term":[{"taxonomy":"product_cat","embeddable":true,"href":"https:\/\/bico.ee\/fi\/wp-json\/wp\/v2\/product_cat?post=18837"},{"taxonomy":"product_tag","embeddable":true,"href":"https:\/\/bico.ee\/fi\/wp-json\/wp\/v2\/product_tag?post=18837"}],"curies":[{"name":"wp","href":"https:\/\/api.w.org\/{rel}","templated":true}]}}