{"id":18841,"date":"2026-04-10T18:44:00","date_gmt":"2026-04-10T18:44:00","guid":{"rendered":""},"modified":"2026-04-10T18:44:00","modified_gmt":"2026-04-10T18:44:00","slug":"bico-kasitsi-kootud-mustast-puuvillast-noorist-kaelakee-solme-otsaga-cl16-must-skate-ehted","status":"publish","type":"product","link":"https:\/\/bico.ee\/fi\/p\/bico-kasin-kudottu-musta-puuvillalangan-kaulakoru-solmitulla-paatysilmukalla-cl16-musta-skate-korut\/","title":{"rendered":"Bico K\u00e4sin kudottu musta puuvillalangan kaulakoru solmitulla p\u00e4\u00e4tysilmukalla (CL16 musta) Skate korut"},"content":{"rendered":"<p>Jokainen lanka on kudottu yksil\u00f6llisesti k\u00e4sin puuvillalangasta, kudottu k\u00e4sin valetussa ja kiillotetussa tinap\u00e4\u00e4ss\u00e4. Saatavilla olevat v\u00e4rit: Musta tai ruskea Saatavilla olevat pituudet: 40, 45, 50, 55 ja 65 cm Bico tarjoaa valikoiman alkuper\u00e4isi\u00e4 riipuksia sarjan t\u00e4ydent\u00e4miseksi.<\/p>","protected":false},"excerpt":{"rendered":"<p>CL16BLK 0<\/p>\n","protected":false},"featured_media":18842,"template":"","meta":[],"product_cat":[313],"product_tag":[],"_links":{"self":[{"href":"https:\/\/bico.ee\/fi\/wp-json\/wp\/v2\/product\/18841"}],"collection":[{"href":"https:\/\/bico.ee\/fi\/wp-json\/wp\/v2\/product"}],"about":[{"href":"https:\/\/bico.ee\/fi\/wp-json\/wp\/v2\/types\/product"}],"wp:featuredmedia":[{"embeddable":true,"href":"https:\/\/bico.ee\/fi\/wp-json\/wp\/v2\/media\/18842"}],"wp:attachment":[{"href":"https:\/\/bico.ee\/fi\/wp-json\/wp\/v2\/media?parent=18841"}],"wp:term":[{"taxonomy":"product_cat","embeddable":true,"href":"https:\/\/bico.ee\/fi\/wp-json\/wp\/v2\/product_cat?post=18841"},{"taxonomy":"product_tag","embeddable":true,"href":"https:\/\/bico.ee\/fi\/wp-json\/wp\/v2\/product_tag?post=18841"}],"curies":[{"name":"wp","href":"https:\/\/api.w.org\/{rel}","templated":true}]}}