{"id":18855,"date":"2026-04-10T18:44:01","date_gmt":"2026-04-10T18:44:01","guid":{"rendered":""},"modified":"2026-04-10T18:44:01","modified_gmt":"2026-04-10T18:44:01","slug":"bico-snake-musta-keti-kaevoru-fb14-must-4mm-5-32","status":"publish","type":"product","link":"https:\/\/bico.ee\/fi\/p\/bico-snake-ketjurannekoru-fb14-musta-4mm-5-32\/","title":{"rendered":"Bico &#8220;Snake&#8221;  ketjurannekoru (FB14 musta) 4mm 5\/32\u2033"},"content":{"rendered":"<p>T\u00e4m\u00e4 rannekoru on valmistettu kiinte\u00e4st\u00e4 messingist\u00e4, ei ter\u00e4ksest\u00e4 tai sinkist\u00e4, kuten halvemmista ketjuista. Ketju on p\u00e4\u00e4llystetty mustalla viimeistelyll\u00e4, kiillotettu k\u00e4sin ja p\u00e4\u00e4llystetty premium -suojakerroksella pident\u00e4m\u00e4\u00e4n kulumista. Jokainen ketju on valmistettu kiinte\u00e4st\u00e4 messingist\u00e4 ja sitten p\u00e4\u00e4llystetty mustan viimeistelyn aikaansaamiseksi. Saatavana mustana tai hopeana viimeistelypituuksina: 18, 21 ja 24 cm. Saatavana my\u00f6s sopivassa ketjussa: F14BLK.<\/p>","protected":false},"excerpt":{"rendered":"<p>FB14BLK 0<\/p>\n","protected":false},"featured_media":18856,"template":"","meta":[],"product_cat":[106,159],"product_tag":[],"_links":{"self":[{"href":"https:\/\/bico.ee\/fi\/wp-json\/wp\/v2\/product\/18855"}],"collection":[{"href":"https:\/\/bico.ee\/fi\/wp-json\/wp\/v2\/product"}],"about":[{"href":"https:\/\/bico.ee\/fi\/wp-json\/wp\/v2\/types\/product"}],"wp:featuredmedia":[{"embeddable":true,"href":"https:\/\/bico.ee\/fi\/wp-json\/wp\/v2\/media\/18856"}],"wp:attachment":[{"href":"https:\/\/bico.ee\/fi\/wp-json\/wp\/v2\/media?parent=18855"}],"wp:term":[{"taxonomy":"product_cat","embeddable":true,"href":"https:\/\/bico.ee\/fi\/wp-json\/wp\/v2\/product_cat?post=18855"},{"taxonomy":"product_tag","embeddable":true,"href":"https:\/\/bico.ee\/fi\/wp-json\/wp\/v2\/product_tag?post=18855"}],"curies":[{"name":"wp","href":"https:\/\/api.w.org\/{rel}","templated":true}]}}