{"id":18896,"date":"2026-04-10T18:44:01","date_gmt":"2026-04-10T18:44:01","guid":{"rendered":""},"modified":"2026-04-10T18:44:01","modified_gmt":"2026-04-10T18:44:01","slug":"bico-serpent-keti-kaevoru-fb96-3mm-1-8","status":"publish","type":"product","link":"https:\/\/bico.ee\/fi\/p\/bico-serpent-ketjurannekoru-fb96-3mm-1-8\/","title":{"rendered":"Bico &#8220;Serpent&#8221;  ketjurannekoru (FB96) 3mm 1\/8\u2033"},"content":{"rendered":"<p>T\u00e4m\u00e4 rannekoru on valmistettu kiinte\u00e4st\u00e4 messingist\u00e4, ei ter\u00e4ksest\u00e4 tai sinkist\u00e4, kuten halvemmista ketjuista. Ketju on p\u00e4\u00e4llystetty puhtaalla hopealla, hapettu, matta viimeistelty k\u00e4sin ja p\u00e4\u00e4llystetty premium -suojakerroksella pident\u00e4m\u00e4\u00e4n kulumista. Jokainen ketju on valmistettu kiinte\u00e4st\u00e4 messingist\u00e4, sitten hopeoitu ja k\u00e4sin kiillotettu ainutlaatuisen hapettuneen satiinipinnan luomiseksi. Saatavilla olevat pituudet: 18, 21 ja 24 cm.<\/p>","protected":false},"excerpt":{"rendered":"<p>FB96 0<\/p>\n","protected":false},"featured_media":18897,"template":"","meta":[],"product_cat":[106,159],"product_tag":[],"_links":{"self":[{"href":"https:\/\/bico.ee\/fi\/wp-json\/wp\/v2\/product\/18896"}],"collection":[{"href":"https:\/\/bico.ee\/fi\/wp-json\/wp\/v2\/product"}],"about":[{"href":"https:\/\/bico.ee\/fi\/wp-json\/wp\/v2\/types\/product"}],"wp:featuredmedia":[{"embeddable":true,"href":"https:\/\/bico.ee\/fi\/wp-json\/wp\/v2\/media\/18897"}],"wp:attachment":[{"href":"https:\/\/bico.ee\/fi\/wp-json\/wp\/v2\/media?parent=18896"}],"wp:term":[{"taxonomy":"product_cat","embeddable":true,"href":"https:\/\/bico.ee\/fi\/wp-json\/wp\/v2\/product_cat?post=18896"},{"taxonomy":"product_tag","embeddable":true,"href":"https:\/\/bico.ee\/fi\/wp-json\/wp\/v2\/product_tag?post=18896"}],"curies":[{"name":"wp","href":"https:\/\/api.w.org\/{rel}","templated":true}]}}