{"id":18902,"date":"2026-04-10T18:44:01","date_gmt":"2026-04-10T18:44:01","guid":{"rendered":""},"modified":"2026-04-10T18:44:01","modified_gmt":"2026-04-10T18:44:01","slug":"bico-typhoon-kasitsi-valmistatud-palli-ja-kaevoru-fb200-4mm-5-32","status":"publish","type":"product","link":"https:\/\/bico.ee\/fi\/p\/bico-typhoon-kasintehty-pallo-ja-linkkirannekoru-fb200-4mm-5-32\/","title":{"rendered":"Bico &#8220;Typhoon&#8221; k\u00e4sintehty pallo  ja linkkirannekoru (FB200) 4mm 5\/32\u2033"},"content":{"rendered":"<p>T\u00e4m\u00e4 rannekoru on alkuper\u00e4inen Bico -malli, joka on valmistettu yksil\u00f6llisesti valetusta ja k\u00e4sin viimeistetyst\u00e4 tinalenkist\u00e4, jotka sitten yhdistet\u00e4\u00e4n. Ketju on p\u00e4\u00e4llystetty puhtaalla hopealla, matta viimeistelty k\u00e4sin ja p\u00e4\u00e4llystetty ensiluokkaisella suojakerroksella pident\u00e4\u00e4kseen k\u00e4ytt\u00f6ik\u00e4\u00e4. Nimi: Typhoon K\u00e4sintehty yksil\u00f6llisesti valettuista tinalenkeist\u00e4, hopeoitu ja kiillotettu hapetettuun satiinipinnoitteeseen. Saatavilla olevat pituudet: 18, 21 ja 24 cm Saatavana my\u00f6s ketjuna (F200) pituuksina: 40, 45, 50 ja 55 cm.<\/p>","protected":false},"excerpt":{"rendered":"<p>FB200 0<\/p>\n","protected":false},"featured_media":18903,"template":"","meta":[],"product_cat":[106,159],"product_tag":[],"_links":{"self":[{"href":"https:\/\/bico.ee\/fi\/wp-json\/wp\/v2\/product\/18902"}],"collection":[{"href":"https:\/\/bico.ee\/fi\/wp-json\/wp\/v2\/product"}],"about":[{"href":"https:\/\/bico.ee\/fi\/wp-json\/wp\/v2\/types\/product"}],"wp:featuredmedia":[{"embeddable":true,"href":"https:\/\/bico.ee\/fi\/wp-json\/wp\/v2\/media\/18903"}],"wp:attachment":[{"href":"https:\/\/bico.ee\/fi\/wp-json\/wp\/v2\/media?parent=18902"}],"wp:term":[{"taxonomy":"product_cat","embeddable":true,"href":"https:\/\/bico.ee\/fi\/wp-json\/wp\/v2\/product_cat?post=18902"},{"taxonomy":"product_tag","embeddable":true,"href":"https:\/\/bico.ee\/fi\/wp-json\/wp\/v2\/product_tag?post=18902"}],"curies":[{"name":"wp","href":"https:\/\/api.w.org\/{rel}","templated":true}]}}