{"id":18930,"date":"2026-04-10T18:44:01","date_gmt":"2026-04-10T18:44:01","guid":{"rendered":""},"modified":"2026-04-10T18:44:01","modified_gmt":"2026-04-10T18:44:01","slug":"bico-catalyst-kasitsi-valmistatud-kummist-ja-metallist-kaevoru-ca1-8mm-5-16","status":"publish","type":"product","link":"https:\/\/bico.ee\/fi\/p\/bico-catalyst-kasintehty-kumi-ja-metallirannekoru-ca1-8mm-5-16\/","title":{"rendered":"Bico &#8220;Catalyst&#8221; k\u00e4sintehty kumi  ja metallirannekoru (CA1) 8mm 5\/16\u2033"},"content":{"rendered":"<p>Nimi: Katalyytti K\u00e4sintehty yksil\u00f6llisesti valettuista tinalenkeist\u00e4, hopeoitu ja kiillotettu hapetettuun satiinipinnoitteeseen. Saatavilla olevat pituudet: 18, 21 ja 24 cm Saatavana my\u00f6s kuristimena (CB4) pituuksina: 40, 45 ja 50 cm.<\/p>","protected":false},"excerpt":{"rendered":"<p>CA1 0<\/p>\n","protected":false},"featured_media":18931,"template":"","meta":[],"product_cat":[106,160],"product_tag":[],"_links":{"self":[{"href":"https:\/\/bico.ee\/fi\/wp-json\/wp\/v2\/product\/18930"}],"collection":[{"href":"https:\/\/bico.ee\/fi\/wp-json\/wp\/v2\/product"}],"about":[{"href":"https:\/\/bico.ee\/fi\/wp-json\/wp\/v2\/types\/product"}],"wp:featuredmedia":[{"embeddable":true,"href":"https:\/\/bico.ee\/fi\/wp-json\/wp\/v2\/media\/18931"}],"wp:attachment":[{"href":"https:\/\/bico.ee\/fi\/wp-json\/wp\/v2\/media?parent=18930"}],"wp:term":[{"taxonomy":"product_cat","embeddable":true,"href":"https:\/\/bico.ee\/fi\/wp-json\/wp\/v2\/product_cat?post=18930"},{"taxonomy":"product_tag","embeddable":true,"href":"https:\/\/bico.ee\/fi\/wp-json\/wp\/v2\/product_tag?post=18930"}],"curies":[{"name":"wp","href":"https:\/\/api.w.org\/{rel}","templated":true}]}}