{"id":18956,"date":"2026-04-10T18:44:01","date_gmt":"2026-04-10T18:44:01","guid":{"rendered":""},"modified":"2026-04-10T18:44:01","modified_gmt":"2026-04-10T18:44:01","slug":"bico-mehaanilise-keerdumise-ketrusrongas-r3","status":"publish","type":"product","link":"https:\/\/bico.ee\/fi\/p\/bico-mekaaninen-kierre-kehruurengas-r3\/","title":{"rendered":"Bico &#8220;Mekaaninen kierre&#8221; kehruurengas (R3)"},"content":{"rendered":"<p>Z+3 Alkuper\u00e4inen BICO -hopeoitu tina -kehruusrengas, joka on valmistettu kahdesta kappaleesta ja ulompi rengas py\u00f6rii vapaasti. Nimi: Mekaaninen kierre Koko: UK Z+3 (USA 13) Halkaisija 23 mm Ymp\u00e4rysmitta: 72 mm Kaksiosainen kehruusrengas.<\/p>","protected":false},"excerpt":{"rendered":"<p>R3 0<\/p>\n","protected":false},"featured_media":18957,"template":"","meta":[],"product_cat":[113,275],"product_tag":[],"_links":{"self":[{"href":"https:\/\/bico.ee\/fi\/wp-json\/wp\/v2\/product\/18956"}],"collection":[{"href":"https:\/\/bico.ee\/fi\/wp-json\/wp\/v2\/product"}],"about":[{"href":"https:\/\/bico.ee\/fi\/wp-json\/wp\/v2\/types\/product"}],"wp:featuredmedia":[{"embeddable":true,"href":"https:\/\/bico.ee\/fi\/wp-json\/wp\/v2\/media\/18957"}],"wp:attachment":[{"href":"https:\/\/bico.ee\/fi\/wp-json\/wp\/v2\/media?parent=18956"}],"wp:term":[{"taxonomy":"product_cat","embeddable":true,"href":"https:\/\/bico.ee\/fi\/wp-json\/wp\/v2\/product_cat?post=18956"},{"taxonomy":"product_tag","embeddable":true,"href":"https:\/\/bico.ee\/fi\/wp-json\/wp\/v2\/product_tag?post=18956"}],"curies":[{"name":"wp","href":"https:\/\/api.w.org\/{rel}","templated":true}]}}