{"id":18962,"date":"2026-04-10T18:44:01","date_gmt":"2026-04-10T18:44:01","guid":{"rendered":""},"modified":"2026-04-10T18:44:01","modified_gmt":"2026-04-10T18:44:01","slug":"bico-snake-ketrusrongas-r8","status":"publish","type":"product","link":"https:\/\/bico.ee\/fi\/p\/bico-snake-spinning-ring-r81\/","title":{"rendered":"Bico &#8220;Snake&#8221; Spinning Ring (R8)"},"content":{"rendered":"<p>Z+3 Alkuper\u00e4inen BICO -hopeoitu tina -kehruusrengas, joka on valmistettu kahdesta kappaleesta ja ulompi rengas py\u00f6rii vapaasti. Nimi: K\u00e4\u00e4rme Koko: UK Z+3 (USA 13) Halkaisija 23 mm Ymp\u00e4rysmitta: 72 mm Kaksiosainen kehruusrengas.<\/p>","protected":false},"excerpt":{"rendered":"<p>R8 0<\/p>\n","protected":false},"featured_media":18963,"template":"","meta":[],"product_cat":[113,275],"product_tag":[],"_links":{"self":[{"href":"https:\/\/bico.ee\/fi\/wp-json\/wp\/v2\/product\/18962"}],"collection":[{"href":"https:\/\/bico.ee\/fi\/wp-json\/wp\/v2\/product"}],"about":[{"href":"https:\/\/bico.ee\/fi\/wp-json\/wp\/v2\/types\/product"}],"wp:featuredmedia":[{"embeddable":true,"href":"https:\/\/bico.ee\/fi\/wp-json\/wp\/v2\/media\/18963"}],"wp:attachment":[{"href":"https:\/\/bico.ee\/fi\/wp-json\/wp\/v2\/media?parent=18962"}],"wp:term":[{"taxonomy":"product_cat","embeddable":true,"href":"https:\/\/bico.ee\/fi\/wp-json\/wp\/v2\/product_cat?post=18962"},{"taxonomy":"product_tag","embeddable":true,"href":"https:\/\/bico.ee\/fi\/wp-json\/wp\/v2\/product_tag?post=18962"}],"curies":[{"name":"wp","href":"https:\/\/api.w.org\/{rel}","templated":true}]}}