{"id":18968,"date":"2026-04-10T18:44:02","date_gmt":"2026-04-10T18:44:02","guid":{"rendered":""},"modified":"2026-04-10T18:44:02","modified_gmt":"2026-04-10T18:44:02","slug":"bico-rising-sun-kasitsi-kootud-kaevoru-metallist-lisadega-ca21-must-10mm-13-16","status":"publish","type":"product","link":"https:\/\/bico.ee\/fi\/p\/bico-rising-sun-kasin-kudottu-rannekoru-jossa-metalliset-insertit-ca21-musta-10mm-13-16\/","title":{"rendered":"Bico &#8220;Rising Sun&#8221; k\u00e4sin kudottu rannekoru, jossa metalliset insertit (CA21 musta) 10mm 13\/16\u00b4\u00b4"},"content":{"rendered":"<p>Nimi: Nouseva aurinko Merkitys: Jokaisen auringonlaskun j\u00e4lkeen seuraa uusi aamunkoitto Jokainen rannekoru on kudottu yksil\u00f6llisesti k\u00e4sin puuvillalangasta ja kudottu hapetetuista mattapintaisista tinaelementteist\u00e4. Saatavilla olevat pituudet: 21 ja 24 cm.<\/p>","protected":false},"excerpt":{"rendered":"<p>CA21 0<\/p>\n","protected":false},"featured_media":18969,"template":"","meta":[],"product_cat":[106,160],"product_tag":[],"_links":{"self":[{"href":"https:\/\/bico.ee\/fi\/wp-json\/wp\/v2\/product\/18968"}],"collection":[{"href":"https:\/\/bico.ee\/fi\/wp-json\/wp\/v2\/product"}],"about":[{"href":"https:\/\/bico.ee\/fi\/wp-json\/wp\/v2\/types\/product"}],"wp:featuredmedia":[{"embeddable":true,"href":"https:\/\/bico.ee\/fi\/wp-json\/wp\/v2\/media\/18969"}],"wp:attachment":[{"href":"https:\/\/bico.ee\/fi\/wp-json\/wp\/v2\/media?parent=18968"}],"wp:term":[{"taxonomy":"product_cat","embeddable":true,"href":"https:\/\/bico.ee\/fi\/wp-json\/wp\/v2\/product_cat?post=18968"},{"taxonomy":"product_tag","embeddable":true,"href":"https:\/\/bico.ee\/fi\/wp-json\/wp\/v2\/product_tag?post=18968"}],"curies":[{"name":"wp","href":"https:\/\/api.w.org\/{rel}","templated":true}]}}