{"id":18970,"date":"2026-04-10T18:44:02","date_gmt":"2026-04-10T18:44:02","guid":{"rendered":""},"modified":"2026-04-10T18:44:02","modified_gmt":"2026-04-10T18:44:02","slug":"bico-knucklehead-kasitsi-kootud-kaevoru-metallist-lisadega-ca22-must-10mm-13-16","status":"publish","type":"product","link":"https:\/\/bico.ee\/fi\/p\/bico-knucklehead-kasin-kudottu-rannekoru-jossa-metalliosat-ca22-musta-10mm-13-16\/","title":{"rendered":"Bico &#8220;Knucklehead&#8221; k\u00e4sin kudottu rannekoru, jossa metalliosat (CA22 musta) 10mm 13\/16\u00b4\u00b4"},"content":{"rendered":"<p>Nimi: Knucklehead Merkitys: p\u00e4\u00e4tt\u00e4v\u00e4inen m\u00e4\u00e4ritt\u00e4minen Jokainen rannekoru on kudottu yksil\u00f6llisesti k\u00e4sin puuvillalangasta, kutomalla hapettuneita mattapintaisia \u200b\u200btinaelementtej\u00e4. Saatavilla olevat pituudet: 21 ja 24 cm.<\/p>","protected":false},"excerpt":{"rendered":"<p>CA22 0<\/p>\n","protected":false},"featured_media":18971,"template":"","meta":[],"product_cat":[106,160],"product_tag":[],"_links":{"self":[{"href":"https:\/\/bico.ee\/fi\/wp-json\/wp\/v2\/product\/18970"}],"collection":[{"href":"https:\/\/bico.ee\/fi\/wp-json\/wp\/v2\/product"}],"about":[{"href":"https:\/\/bico.ee\/fi\/wp-json\/wp\/v2\/types\/product"}],"wp:featuredmedia":[{"embeddable":true,"href":"https:\/\/bico.ee\/fi\/wp-json\/wp\/v2\/media\/18971"}],"wp:attachment":[{"href":"https:\/\/bico.ee\/fi\/wp-json\/wp\/v2\/media?parent=18970"}],"wp:term":[{"taxonomy":"product_cat","embeddable":true,"href":"https:\/\/bico.ee\/fi\/wp-json\/wp\/v2\/product_cat?post=18970"},{"taxonomy":"product_tag","embeddable":true,"href":"https:\/\/bico.ee\/fi\/wp-json\/wp\/v2\/product_tag?post=18970"}],"curies":[{"name":"wp","href":"https:\/\/api.w.org\/{rel}","templated":true}]}}