{"id":18976,"date":"2026-04-10T18:44:02","date_gmt":"2026-04-10T18:44:02","guid":{"rendered":""},"modified":"2026-04-10T18:44:02","modified_gmt":"2026-04-10T18:44:02","slug":"bico-clubcross-kasitsi-kootud-kaevoru-metallist-lisadega-ca25-pruun-10mm-13-16","status":"publish","type":"product","link":"https:\/\/bico.ee\/fi\/p\/bico-clubcross-kasin-kudottu-rannekoru-jossa-metalliset-lisaosat-ca25-ruskea-10mm-13-16\/","title":{"rendered":"Bico &#8220;Clubcross&#8221; k\u00e4sin kudottu rannekoru, jossa metalliset lis\u00e4osat (CA25 ruskea) 10mm 13\/16\u00b4\u00b4"},"content":{"rendered":"<p>Nimi: Clubcross Merkitys: Self-Evolution Jokainen rannekoru on kudottu yksil\u00f6llisesti k\u00e4sin puuvillalangasta ja kudottu hapetetuista mattapintaisista tinaelementteist\u00e4. Saatavilla olevat pituudet: 21 ja 24 cm.<\/p>","protected":false},"excerpt":{"rendered":"<p>CA25 0<\/p>\n","protected":false},"featured_media":18977,"template":"","meta":[],"product_cat":[106,160],"product_tag":[],"_links":{"self":[{"href":"https:\/\/bico.ee\/fi\/wp-json\/wp\/v2\/product\/18976"}],"collection":[{"href":"https:\/\/bico.ee\/fi\/wp-json\/wp\/v2\/product"}],"about":[{"href":"https:\/\/bico.ee\/fi\/wp-json\/wp\/v2\/types\/product"}],"wp:featuredmedia":[{"embeddable":true,"href":"https:\/\/bico.ee\/fi\/wp-json\/wp\/v2\/media\/18977"}],"wp:attachment":[{"href":"https:\/\/bico.ee\/fi\/wp-json\/wp\/v2\/media?parent=18976"}],"wp:term":[{"taxonomy":"product_cat","embeddable":true,"href":"https:\/\/bico.ee\/fi\/wp-json\/wp\/v2\/product_cat?post=18976"},{"taxonomy":"product_tag","embeddable":true,"href":"https:\/\/bico.ee\/fi\/wp-json\/wp\/v2\/product_tag?post=18976"}],"curies":[{"name":"wp","href":"https:\/\/api.w.org\/{rel}","templated":true}]}}