{"id":18982,"date":"2026-04-10T18:44:02","date_gmt":"2026-04-10T18:44:02","guid":{"rendered":""},"modified":"2026-04-10T18:44:02","modified_gmt":"2026-04-10T18:44:02","slug":"bico-urobos-kasitsi-kootud-kaevoru-ca26-pruun-must-10mm-13-16","status":"publish","type":"product","link":"https:\/\/bico.ee\/fi\/p\/bico-urobos-kasin-kudottu-rannekoru-ca26-ruskea-musta-10mm-13-16\/","title":{"rendered":"Bico &#8220;Urobos&#8221; k\u00e4sin kudottu rannekoru (CA26 ruskea musta) 10mm 13\/16\u00b4\u00b4"},"content":{"rendered":"<p>Nimi: Urobos Merkitys: Mit\u00e4 enemm\u00e4n asiat muuttuvat, sit\u00e4 enemm\u00e4n ne pysyv\u00e4t samana Punottu nahkanauha yhdistettyn\u00e4 k\u00e4sintehtyyn valettuun tangon lukkoon Saatavilla olevat pituudet: 21 ja 24 cm.<\/p>","protected":false},"excerpt":{"rendered":"<p>CA26 0<\/p>\n","protected":false},"featured_media":18983,"template":"","meta":[],"product_cat":[106,160],"product_tag":[],"_links":{"self":[{"href":"https:\/\/bico.ee\/fi\/wp-json\/wp\/v2\/product\/18982"}],"collection":[{"href":"https:\/\/bico.ee\/fi\/wp-json\/wp\/v2\/product"}],"about":[{"href":"https:\/\/bico.ee\/fi\/wp-json\/wp\/v2\/types\/product"}],"wp:featuredmedia":[{"embeddable":true,"href":"https:\/\/bico.ee\/fi\/wp-json\/wp\/v2\/media\/18983"}],"wp:attachment":[{"href":"https:\/\/bico.ee\/fi\/wp-json\/wp\/v2\/media?parent=18982"}],"wp:term":[{"taxonomy":"product_cat","embeddable":true,"href":"https:\/\/bico.ee\/fi\/wp-json\/wp\/v2\/product_cat?post=18982"},{"taxonomy":"product_tag","embeddable":true,"href":"https:\/\/bico.ee\/fi\/wp-json\/wp\/v2\/product_tag?post=18982"}],"curies":[{"name":"wp","href":"https:\/\/api.w.org\/{rel}","templated":true}]}}