{"id":18990,"date":"2026-04-10T18:44:02","date_gmt":"2026-04-10T18:44:02","guid":{"rendered":""},"modified":"2026-04-10T18:44:02","modified_gmt":"2026-04-10T18:44:02","slug":"bico-traveller-kasitsi-kootud-noorist-kaevoru-ca40-must-10mm-13-16","status":"publish","type":"product","link":"https:\/\/bico.ee\/fi\/p\/bico-traveller-kasin-kudottu-rannekoru-ca40-musta-10mm-13-16\/","title":{"rendered":"Bico &#8220;Traveller&#8221; k\u00e4sin kudottu rannekoru (CA40 musta) 10mm 13\/16\u00b4\u00b4"},"content":{"rendered":"<p>Nimi: Matkustaja Merkitys: Nauti kaukaisien maiden etsimisest\u00e4 Jokainen rannekoru on kudottu yksil\u00f6llisesti k\u00e4sin puuvillalangasta yhdistettyn\u00e4 hapettuihin mattapintaisiin tinaelementteihin. Saatavilla olevat pituudet: 21 ja 24 cm.<\/p>","protected":false},"excerpt":{"rendered":"<p>CA40-1 0<\/p>\n","protected":false},"featured_media":18991,"template":"","meta":[],"product_cat":[106,160],"product_tag":[],"_links":{"self":[{"href":"https:\/\/bico.ee\/fi\/wp-json\/wp\/v2\/product\/18990"}],"collection":[{"href":"https:\/\/bico.ee\/fi\/wp-json\/wp\/v2\/product"}],"about":[{"href":"https:\/\/bico.ee\/fi\/wp-json\/wp\/v2\/types\/product"}],"wp:featuredmedia":[{"embeddable":true,"href":"https:\/\/bico.ee\/fi\/wp-json\/wp\/v2\/media\/18991"}],"wp:attachment":[{"href":"https:\/\/bico.ee\/fi\/wp-json\/wp\/v2\/media?parent=18990"}],"wp:term":[{"taxonomy":"product_cat","embeddable":true,"href":"https:\/\/bico.ee\/fi\/wp-json\/wp\/v2\/product_cat?post=18990"},{"taxonomy":"product_tag","embeddable":true,"href":"https:\/\/bico.ee\/fi\/wp-json\/wp\/v2\/product_tag?post=18990"}],"curies":[{"name":"wp","href":"https:\/\/api.w.org\/{rel}","templated":true}]}}