{"id":19004,"date":"2026-04-10T18:44:02","date_gmt":"2026-04-10T18:44:02","guid":{"rendered":""},"modified":"2026-04-10T18:44:02","modified_gmt":"2026-04-10T18:44:02","slug":"bico-pyxis-venitav-kaevoru-siniste-kristallidega-ca32","status":"publish","type":"product","link":"https:\/\/bico.ee\/fi\/p\/bico-pyxis-venyva-rannekoru-jossa-on-sinisia-kristalleja-ca32\/","title":{"rendered":"Bico &#8220;Pyxis&#8221; venyv\u00e4 rannekoru, jossa on sinisi\u00e4 kristalleja (CA32)"},"content":{"rendered":"<p>T\u00e4m\u00e4 kaunis rannekoru on koristeltu Swarovskin kristalleilla ja ulottuu k\u00e4tesi p\u00e4\u00e4lle. Nimi: Pyxis Merkitys: L\u00f6yt\u00e4\u00e4kseni haluamani V\u00e4rit: Kulta, Sininen, Vaaleanpunainen, Punainen Saatavana vain 18 cm.<\/p>","protected":false},"excerpt":{"rendered":"<p>CA32 0<\/p>\n","protected":false},"featured_media":19005,"template":"","meta":[],"product_cat":[106,160],"product_tag":[],"_links":{"self":[{"href":"https:\/\/bico.ee\/fi\/wp-json\/wp\/v2\/product\/19004"}],"collection":[{"href":"https:\/\/bico.ee\/fi\/wp-json\/wp\/v2\/product"}],"about":[{"href":"https:\/\/bico.ee\/fi\/wp-json\/wp\/v2\/types\/product"}],"wp:featuredmedia":[{"embeddable":true,"href":"https:\/\/bico.ee\/fi\/wp-json\/wp\/v2\/media\/19005"}],"wp:attachment":[{"href":"https:\/\/bico.ee\/fi\/wp-json\/wp\/v2\/media?parent=19004"}],"wp:term":[{"taxonomy":"product_cat","embeddable":true,"href":"https:\/\/bico.ee\/fi\/wp-json\/wp\/v2\/product_cat?post=19004"},{"taxonomy":"product_tag","embeddable":true,"href":"https:\/\/bico.ee\/fi\/wp-json\/wp\/v2\/product_tag?post=19004"}],"curies":[{"name":"wp","href":"https:\/\/api.w.org\/{rel}","templated":true}]}}