{"id":19008,"date":"2026-04-10T18:44:02","date_gmt":"2026-04-10T18:44:02","guid":{"rendered":""},"modified":"2026-04-10T18:44:02","modified_gmt":"2026-04-10T18:44:02","slug":"bico-fountain-light-venitav-kaevoru-kristallidega-ca34","status":"publish","type":"product","link":"https:\/\/bico.ee\/fi\/p\/bico-fountain-light-venyva-rannekoru-kiteilla-ca34\/","title":{"rendered":"Bico &#8220;Fountain Light&#8221; venyv\u00e4 rannekoru kiteill\u00e4 (CA34)"},"content":{"rendered":"<p>T\u00e4m\u00e4 kaunis rannekoru on koristeltu Swarovskin kristalleilla ja ulottuu k\u00e4tesi p\u00e4\u00e4lle. Nimi: Suihkul\u00e4hteen valo Merkitys: Loputon, CSS -hetki\u00e4 Saatavilla olevat v\u00e4rit: Kirkas, sininen, vaaleanpunainen, punainen, vaaleansininen Saatavana vain 18 cm: n kokoisena.<\/p>","protected":false},"excerpt":{"rendered":"<p>CA34 0<\/p>\n","protected":false},"featured_media":19009,"template":"","meta":[],"product_cat":[106,160],"product_tag":[],"_links":{"self":[{"href":"https:\/\/bico.ee\/fi\/wp-json\/wp\/v2\/product\/19008"}],"collection":[{"href":"https:\/\/bico.ee\/fi\/wp-json\/wp\/v2\/product"}],"about":[{"href":"https:\/\/bico.ee\/fi\/wp-json\/wp\/v2\/types\/product"}],"wp:featuredmedia":[{"embeddable":true,"href":"https:\/\/bico.ee\/fi\/wp-json\/wp\/v2\/media\/19009"}],"wp:attachment":[{"href":"https:\/\/bico.ee\/fi\/wp-json\/wp\/v2\/media?parent=19008"}],"wp:term":[{"taxonomy":"product_cat","embeddable":true,"href":"https:\/\/bico.ee\/fi\/wp-json\/wp\/v2\/product_cat?post=19008"},{"taxonomy":"product_tag","embeddable":true,"href":"https:\/\/bico.ee\/fi\/wp-json\/wp\/v2\/product_tag?post=19008"}],"curies":[{"name":"wp","href":"https:\/\/api.w.org\/{rel}","templated":true}]}}