{"id":19010,"date":"2026-04-10T18:44:02","date_gmt":"2026-04-10T18:44:02","guid":{"rendered":""},"modified":"2026-04-10T18:44:02","modified_gmt":"2026-04-10T18:44:02","slug":"venitav-kristallidega-kaevoru-bico-cetus-ca35-moe-ehted","status":"publish","type":"product","link":"https:\/\/bico.ee\/fi\/p\/bico-cetus-venyva-rannekoru-kristalleilla-ca35-muoti-korut\/","title":{"rendered":"Bico &#8220;Cetus&#8221; venyv\u00e4 rannekoru kristalleilla (CA35)   Muoti korut"},"content":{"rendered":"<p>T\u00e4m\u00e4 kaunis rannekoru on koristeltu Swarovskin kristalleilla ja ulottuu k\u00e4tesi p\u00e4\u00e4lle. Nimi: Cetus Merkitys: Valjaat Wild Light Saatavilla olevat v\u00e4rit: Kirkas, sininen, vaaleanpunainen, punainen, vaaleansininen Saatavana vain 18 cm.<\/p>","protected":false},"excerpt":{"rendered":"<p>CA35 0<\/p>\n","protected":false},"featured_media":19011,"template":"","meta":[],"product_cat":[106,160],"product_tag":[],"_links":{"self":[{"href":"https:\/\/bico.ee\/fi\/wp-json\/wp\/v2\/product\/19010"}],"collection":[{"href":"https:\/\/bico.ee\/fi\/wp-json\/wp\/v2\/product"}],"about":[{"href":"https:\/\/bico.ee\/fi\/wp-json\/wp\/v2\/types\/product"}],"wp:featuredmedia":[{"embeddable":true,"href":"https:\/\/bico.ee\/fi\/wp-json\/wp\/v2\/media\/19011"}],"wp:attachment":[{"href":"https:\/\/bico.ee\/fi\/wp-json\/wp\/v2\/media?parent=19010"}],"wp:term":[{"taxonomy":"product_cat","embeddable":true,"href":"https:\/\/bico.ee\/fi\/wp-json\/wp\/v2\/product_cat?post=19010"},{"taxonomy":"product_tag","embeddable":true,"href":"https:\/\/bico.ee\/fi\/wp-json\/wp\/v2\/product_tag?post=19010"}],"curies":[{"name":"wp","href":"https:\/\/api.w.org\/{rel}","templated":true}]}}