{"id":19012,"date":"2026-04-10T18:44:02","date_gmt":"2026-04-10T18:44:02","guid":{"rendered":""},"modified":"2026-04-10T18:44:02","modified_gmt":"2026-04-10T18:44:02","slug":"venitav-kristallidega-kaevoru-bico-celestia-ca36-moe-ehted","status":"publish","type":"product","link":"https:\/\/bico.ee\/fi\/p\/bico-celestia-venyva-rannekoru-kristalleilla-ca36-muoti-korut\/","title":{"rendered":"Bico &#8220;Celestia&#8221; venyv\u00e4 rannekoru kristalleilla (CA36)   Muoti korut"},"content":{"rendered":"<p>T\u00e4m\u00e4 kaunis rannekoru on koristeltu Swarovskin kristalleilla ja ulottuu k\u00e4tesi p\u00e4\u00e4lle. Nimi: Celestia Merkitys: Kaikelle h\u00e4ik\u00e4isev\u00e4lle Saatavilla olevat v\u00e4rit: Kirkas, sininen, vaaleanpunainen, punainen, vaaleansininen Saatavana vain 18 cm.<\/p>","protected":false},"excerpt":{"rendered":"<p>CA36 0<\/p>\n","protected":false},"featured_media":19013,"template":"","meta":[],"product_cat":[106,160],"product_tag":[],"_links":{"self":[{"href":"https:\/\/bico.ee\/fi\/wp-json\/wp\/v2\/product\/19012"}],"collection":[{"href":"https:\/\/bico.ee\/fi\/wp-json\/wp\/v2\/product"}],"about":[{"href":"https:\/\/bico.ee\/fi\/wp-json\/wp\/v2\/types\/product"}],"wp:featuredmedia":[{"embeddable":true,"href":"https:\/\/bico.ee\/fi\/wp-json\/wp\/v2\/media\/19013"}],"wp:attachment":[{"href":"https:\/\/bico.ee\/fi\/wp-json\/wp\/v2\/media?parent=19012"}],"wp:term":[{"taxonomy":"product_cat","embeddable":true,"href":"https:\/\/bico.ee\/fi\/wp-json\/wp\/v2\/product_cat?post=19012"},{"taxonomy":"product_tag","embeddable":true,"href":"https:\/\/bico.ee\/fi\/wp-json\/wp\/v2\/product_tag?post=19012"}],"curies":[{"name":"wp","href":"https:\/\/api.w.org\/{rel}","templated":true}]}}