{"id":19016,"date":"2026-04-10T18:44:02","date_gmt":"2026-04-10T18:44:02","guid":{"rendered":""},"modified":"2026-04-10T18:44:02","modified_gmt":"2026-04-10T18:44:02","slug":"bico-fleurette-kasitsi-kootud-kaevoru-kristallidega-ca37-pruun-neutraalne-sinine","status":"publish","type":"product","link":"https:\/\/bico.ee\/fi\/p\/bico-fleurette-kasin-kudottu-rannekoru-kristalleilla-ca37-ruskea-neutraali-sininen\/","title":{"rendered":"Bico &#8220;Fleurette&#8221; k\u00e4sin kudottu rannekoru kristalleilla (CA37 ruskea neutraali sininen)"},"content":{"rendered":"<p>Nimi: Fleurette-rannekoru Merkitys: Amorous ja hehkuva, kev\u00e4t Jokainen rannekoru on kudottu yksil\u00f6llisesti k\u00e4sin puuvillalangasta, kutomalla hapetettuja mattapintaisia \u200b\u200btinaelementtej\u00e4, jotka on t\u00e4ytetty Swarovski-kiteill\u00e4. Saatavilla: kirkkaat, siniset, vaaleanpunaiset, vaaleansiniset Swarovskin kiteet. Saatavilla olevat pituudet: 18 ja 21 cm<\/p>","protected":false},"excerpt":{"rendered":"<p>CA37BRN-2 0<\/p>\n","protected":false},"featured_media":19017,"template":"","meta":[],"product_cat":[106,160],"product_tag":[],"_links":{"self":[{"href":"https:\/\/bico.ee\/fi\/wp-json\/wp\/v2\/product\/19016"}],"collection":[{"href":"https:\/\/bico.ee\/fi\/wp-json\/wp\/v2\/product"}],"about":[{"href":"https:\/\/bico.ee\/fi\/wp-json\/wp\/v2\/types\/product"}],"wp:featuredmedia":[{"embeddable":true,"href":"https:\/\/bico.ee\/fi\/wp-json\/wp\/v2\/media\/19017"}],"wp:attachment":[{"href":"https:\/\/bico.ee\/fi\/wp-json\/wp\/v2\/media?parent=19016"}],"wp:term":[{"taxonomy":"product_cat","embeddable":true,"href":"https:\/\/bico.ee\/fi\/wp-json\/wp\/v2\/product_cat?post=19016"},{"taxonomy":"product_tag","embeddable":true,"href":"https:\/\/bico.ee\/fi\/wp-json\/wp\/v2\/product_tag?post=19016"}],"curies":[{"name":"wp","href":"https:\/\/api.w.org\/{rel}","templated":true}]}}