{"id":19032,"date":"2026-04-10T18:44:02","date_gmt":"2026-04-10T18:44:02","guid":{"rendered":""},"modified":"2026-04-10T18:44:02","modified_gmt":"2026-04-10T18:44:02","slug":"bico-flower-garland-kasitsi-kootud-kaevoru-kristallidega-ca38-must-helesinine","status":"publish","type":"product","link":"https:\/\/bico.ee\/fi\/p\/bico-flower-garland-kasin-kudottu-rannekoru-kristalleilla-ca38-musta-vaaleansininen\/","title":{"rendered":"Bico &#8220;Flower Garland&#8221; k\u00e4sin kudottu rannekoru kristalleilla (CA38 musta vaaleansininen)"},"content":{"rendered":"<p>Nimi: Kukka-seppele Merkitys: viattomuus ja vapaus Jokainen rannekoru on kudottu yksil\u00f6llisesti k\u00e4sin puuvillalangoista, ja siin\u00e4 on kudottu hapetettuja mattapintaisia \u200b\u200btinaelementtej\u00e4, jotka on t\u00e4ytetty Swarovski-kiteill\u00e4. Saatavilla: kirkkaat, siniset, vaaleanpunaiset, vaaleansiniset ja punaiset Swarovskin kiteet. Saatavilla olevat pituudet: 18 ja 21 cm<\/p>","protected":false},"excerpt":{"rendered":"<p>CA38BLK 0<\/p>\n","protected":false},"featured_media":19033,"template":"","meta":[],"product_cat":[106,160],"product_tag":[],"_links":{"self":[{"href":"https:\/\/bico.ee\/fi\/wp-json\/wp\/v2\/product\/19032"}],"collection":[{"href":"https:\/\/bico.ee\/fi\/wp-json\/wp\/v2\/product"}],"about":[{"href":"https:\/\/bico.ee\/fi\/wp-json\/wp\/v2\/types\/product"}],"wp:featuredmedia":[{"embeddable":true,"href":"https:\/\/bico.ee\/fi\/wp-json\/wp\/v2\/media\/19033"}],"wp:attachment":[{"href":"https:\/\/bico.ee\/fi\/wp-json\/wp\/v2\/media?parent=19032"}],"wp:term":[{"taxonomy":"product_cat","embeddable":true,"href":"https:\/\/bico.ee\/fi\/wp-json\/wp\/v2\/product_cat?post=19032"},{"taxonomy":"product_tag","embeddable":true,"href":"https:\/\/bico.ee\/fi\/wp-json\/wp\/v2\/product_tag?post=19032"}],"curies":[{"name":"wp","href":"https:\/\/api.w.org\/{rel}","templated":true}]}}