{"id":19046,"date":"2026-04-10T18:44:02","date_gmt":"2026-04-10T18:44:02","guid":{"rendered":""},"modified":"2026-04-10T18:44:02","modified_gmt":"2026-04-10T18:44:02","slug":"bico-amaria-kasitsi-kootud-kaevoru-kristallidega-ca39-pruun-punane","status":"publish","type":"product","link":"https:\/\/bico.ee\/fi\/p\/bico-amaria-kasin-kudottu-rannekoru-kristalleilla-ca39-ruskea-punainen\/","title":{"rendered":"Bico &#8220;Amaria&#8221; k\u00e4sin kudottu rannekoru kristalleilla (CA39 ruskea punainen)"},"content":{"rendered":"<p>Nimi: Amaria Merkitys: Sparkling Light Of Life Jokainen rannekoru on kudottu yksil\u00f6llisesti k\u00e4sin puuvillalangasta ja kudottu hapetetuista mattapintaisista tinaelementteist\u00e4, jotka on t\u00e4ytetty Swarovski-kiteill\u00e4. Saatavilla: kirkkaat, siniset, vaaleanpunaiset, vaaleansiniset ja punaiset Swarovskin kiteet. Saatavilla olevat pituudet: 18 ja 21 cm<\/p>","protected":false},"excerpt":{"rendered":"<p>CA39BRR 0<\/p>\n","protected":false},"featured_media":19047,"template":"","meta":[],"product_cat":[106,160],"product_tag":[],"_links":{"self":[{"href":"https:\/\/bico.ee\/fi\/wp-json\/wp\/v2\/product\/19046"}],"collection":[{"href":"https:\/\/bico.ee\/fi\/wp-json\/wp\/v2\/product"}],"about":[{"href":"https:\/\/bico.ee\/fi\/wp-json\/wp\/v2\/types\/product"}],"wp:featuredmedia":[{"embeddable":true,"href":"https:\/\/bico.ee\/fi\/wp-json\/wp\/v2\/media\/19047"}],"wp:attachment":[{"href":"https:\/\/bico.ee\/fi\/wp-json\/wp\/v2\/media?parent=19046"}],"wp:term":[{"taxonomy":"product_cat","embeddable":true,"href":"https:\/\/bico.ee\/fi\/wp-json\/wp\/v2\/product_cat?post=19046"},{"taxonomy":"product_tag","embeddable":true,"href":"https:\/\/bico.ee\/fi\/wp-json\/wp\/v2\/product_tag?post=19046"}],"curies":[{"name":"wp","href":"https:\/\/api.w.org\/{rel}","templated":true}]}}