{"id":19048,"date":"2026-04-10T18:44:02","date_gmt":"2026-04-10T18:44:02","guid":{"rendered":""},"modified":"2026-04-10T18:44:02","modified_gmt":"2026-04-10T18:44:02","slug":"bico-precision-316l-roostevabast-terasest-rongas-ar6","status":"publish","type":"product","link":"https:\/\/bico.ee\/fi\/p\/bico-precision-316l-ruostumaton-terasrengas-ar6\/","title":{"rendered":"Bico &#8220;Precision&#8221; 316L ruostumaton ter\u00e4srengas (AR6)"},"content":{"rendered":"<p>Z+1 Alkuper\u00e4inen ja ainutlaatuinen Bico -muotoilu. Jokainen rengas on kaiverrettu kiinte\u00e4st\u00e4 316L ruostumattomasta ter\u00e4ksest\u00e4 valmistetusta tangosta ja viimeistelty sitten k\u00e4sin kiilt\u00e4v\u00e4ksi. USA -koot muunnetaan l\u00e4himp\u00e4\u00e4n Yhdistyneen kuningaskunnan kokoon. Mukana Bico -lahjapussi. <Br> <Br> Hoito Bico -tuotteestasi: T\u00e4m\u00e4 poikkeuksellisen kova metalli on valmistettu hypoallergeenisesta 316L kirurgisesta ruostumattomasta ter\u00e4ksest\u00e4. Pese tuote vain l\u00e4mpim\u00e4ll\u00e4 vedell\u00e4 ja saippualla tai pesuaineella, huuhtele ja kuivaa tarvittaessa pehme\u00e4ll\u00e4 liinalla. Nimi: Tarkkuus Merkitys: Mitattu, tarkka Suunniteltu ja valmistettu Australiassa 316L ruostumattomasta ter\u00e4ksest\u00e4 Koko: UK Z+1 (USA 13) Halkaisija 22,3 mm Ymp\u00e4rysmitta: 70 mm. Saatavana koot: 17,18,19,20,21,22,23<\/p>","protected":false},"excerpt":{"rendered":"<p>AR6 0<\/p>\n","protected":false},"featured_media":19049,"template":"","meta":[],"product_cat":[113,125],"product_tag":[],"_links":{"self":[{"href":"https:\/\/bico.ee\/fi\/wp-json\/wp\/v2\/product\/19048"}],"collection":[{"href":"https:\/\/bico.ee\/fi\/wp-json\/wp\/v2\/product"}],"about":[{"href":"https:\/\/bico.ee\/fi\/wp-json\/wp\/v2\/types\/product"}],"wp:featuredmedia":[{"embeddable":true,"href":"https:\/\/bico.ee\/fi\/wp-json\/wp\/v2\/media\/19049"}],"wp:attachment":[{"href":"https:\/\/bico.ee\/fi\/wp-json\/wp\/v2\/media?parent=19048"}],"wp:term":[{"taxonomy":"product_cat","embeddable":true,"href":"https:\/\/bico.ee\/fi\/wp-json\/wp\/v2\/product_cat?post=19048"},{"taxonomy":"product_tag","embeddable":true,"href":"https:\/\/bico.ee\/fi\/wp-json\/wp\/v2\/product_tag?post=19048"}],"curies":[{"name":"wp","href":"https:\/\/api.w.org\/{rel}","templated":true}]}}