{"id":19091,"date":"2026-04-10T18:44:03","date_gmt":"2026-04-10T18:44:03","guid":{"rendered":""},"modified":"2026-04-10T18:44:03","modified_gmt":"2026-04-10T18:44:03","slug":"bico-paw-ripats-labipaistva-vaiguga-b226","status":"publish","type":"product","link":"https:\/\/bico.ee\/fi\/p\/bico-paw-riipus-lapinakyvalla-hartsilla-b226\/","title":{"rendered":"Bico &#8220;Paw&#8221; riipus l\u00e4pin\u00e4kyv\u00e4ll\u00e4 hartsilla (B226)"},"content":{"rendered":"<p>Osa Bicon ajatonta kuvaketta, jossa yhdistyv\u00e4t metalli ja v\u00e4rilliset hartsit\u00e4ytteet. Nimi: Tassu Merkitys: erityinen sidos, paras yst\u00e4v\u00e4 Alkuper\u00e4inen Bico -suunniteltu riipus, jossa on ainutlaatuinen hapettunut mattahopea ja l\u00e4pin\u00e4kyv\u00e4 hartsi. Saatavilla olevat v\u00e4rit: sininen, musta, punainen, vaaleansininen. Riipuksen leveys: 2,1 cm Pituus: 2,1 cm<\/p>","protected":false},"excerpt":{"rendered":"<p>B226 0<\/p>\n","protected":false},"featured_media":19092,"template":"","meta":[],"product_cat":[277,289],"product_tag":[],"_links":{"self":[{"href":"https:\/\/bico.ee\/fi\/wp-json\/wp\/v2\/product\/19091"}],"collection":[{"href":"https:\/\/bico.ee\/fi\/wp-json\/wp\/v2\/product"}],"about":[{"href":"https:\/\/bico.ee\/fi\/wp-json\/wp\/v2\/types\/product"}],"wp:featuredmedia":[{"embeddable":true,"href":"https:\/\/bico.ee\/fi\/wp-json\/wp\/v2\/media\/19092"}],"wp:attachment":[{"href":"https:\/\/bico.ee\/fi\/wp-json\/wp\/v2\/media?parent=19091"}],"wp:term":[{"taxonomy":"product_cat","embeddable":true,"href":"https:\/\/bico.ee\/fi\/wp-json\/wp\/v2\/product_cat?post=19091"},{"taxonomy":"product_tag","embeddable":true,"href":"https:\/\/bico.ee\/fi\/wp-json\/wp\/v2\/product_tag?post=19091"}],"curies":[{"name":"wp","href":"https:\/\/api.w.org\/{rel}","templated":true}]}}