{"id":19099,"date":"2026-04-10T18:44:03","date_gmt":"2026-04-10T18:44:03","guid":{"rendered":""},"modified":"2026-04-10T18:44:03","modified_gmt":"2026-04-10T18:44:03","slug":"bico-cyber-hasu-ripats-labipaistva-vaiguga-b233","status":"publish","type":"product","link":"https:\/\/bico.ee\/fi\/p\/bico-cyber-hasu-riipus-lapinakyvalla-hartsilla-b233\/","title":{"rendered":"Bico &#8220;Cyber \u200b\u200bHasu&#8221; riipus l\u00e4pin\u00e4kyv\u00e4ll\u00e4 hartsilla (B233)"},"content":{"rendered":"<p>Osa Bicon ajatonta kuvaketta, jossa yhdistyv\u00e4t metalli ja v\u00e4rilliset hartsit\u00e4ytteet. Nimi: Cyber \u200b\u200bHasu Merkitys: digitaalinen muodonmuutos Alkuper\u00e4inen Bico -riipus, jossa on ainutlaatuinen hapettunut mattahopea viimeistely yhdistettyn\u00e4 l\u00e4pin\u00e4kyv\u00e4\u00e4n hartsiin. Saatavilla olevat v\u00e4rit: sininen, musta, punainen, vaaleansininen. Riipuksen leveys: 2,4 cm Pituus: 2,4 cm<\/p>","protected":false},"excerpt":{"rendered":"<p>B233 0<\/p>\n","protected":false},"featured_media":19100,"template":"","meta":[],"product_cat":[277,289],"product_tag":[],"_links":{"self":[{"href":"https:\/\/bico.ee\/fi\/wp-json\/wp\/v2\/product\/19099"}],"collection":[{"href":"https:\/\/bico.ee\/fi\/wp-json\/wp\/v2\/product"}],"about":[{"href":"https:\/\/bico.ee\/fi\/wp-json\/wp\/v2\/types\/product"}],"wp:featuredmedia":[{"embeddable":true,"href":"https:\/\/bico.ee\/fi\/wp-json\/wp\/v2\/media\/19100"}],"wp:attachment":[{"href":"https:\/\/bico.ee\/fi\/wp-json\/wp\/v2\/media?parent=19099"}],"wp:term":[{"taxonomy":"product_cat","embeddable":true,"href":"https:\/\/bico.ee\/fi\/wp-json\/wp\/v2\/product_cat?post=19099"},{"taxonomy":"product_tag","embeddable":true,"href":"https:\/\/bico.ee\/fi\/wp-json\/wp\/v2\/product_tag?post=19099"}],"curies":[{"name":"wp","href":"https:\/\/api.w.org\/{rel}","templated":true}]}}