{"id":19101,"date":"2026-04-10T18:44:03","date_gmt":"2026-04-10T18:44:03","guid":{"rendered":""},"modified":"2026-04-10T18:44:03","modified_gmt":"2026-04-10T18:44:03","slug":"bico-kristallidega-ripats-cyrilli-ms5","status":"publish","type":"product","link":"https:\/\/bico.ee\/fi\/p\/bico-cyrilli-riipus-kristalleilla-ms5\/","title":{"rendered":"Bico &#8220;Cyrilli&#8221; riipus kristalleilla (MS5)"},"content":{"rendered":"<p>Pienempi Bico -allekirjoitusriipus, ikoninen ja symbolinen, koristeltu aitoilla Swarovskin kristalleilla. Nimi: Cyrilli Merkitys: ymm\u00e4rrys ja syy Saatavilla olevat v\u00e4rit: Sininen, Kirkas, Punainen, Vaaleansininen, Vaaleanpunainen choker t\u00e4ydent\u00e4\u00e4ksesi sarjan. Riipuksen leveys: 1,6 cm Pituus: 1,8 cm<\/p>","protected":false},"excerpt":{"rendered":"<p>MS5 0<\/p>\n","protected":false},"featured_media":19102,"template":"","meta":[],"product_cat":[277,292],"product_tag":[],"_links":{"self":[{"href":"https:\/\/bico.ee\/fi\/wp-json\/wp\/v2\/product\/19101"}],"collection":[{"href":"https:\/\/bico.ee\/fi\/wp-json\/wp\/v2\/product"}],"about":[{"href":"https:\/\/bico.ee\/fi\/wp-json\/wp\/v2\/types\/product"}],"wp:featuredmedia":[{"embeddable":true,"href":"https:\/\/bico.ee\/fi\/wp-json\/wp\/v2\/media\/19102"}],"wp:attachment":[{"href":"https:\/\/bico.ee\/fi\/wp-json\/wp\/v2\/media?parent=19101"}],"wp:term":[{"taxonomy":"product_cat","embeddable":true,"href":"https:\/\/bico.ee\/fi\/wp-json\/wp\/v2\/product_cat?post=19101"},{"taxonomy":"product_tag","embeddable":true,"href":"https:\/\/bico.ee\/fi\/wp-json\/wp\/v2\/product_tag?post=19101"}],"curies":[{"name":"wp","href":"https:\/\/api.w.org\/{rel}","templated":true}]}}