{"id":19105,"date":"2026-04-10T18:44:03","date_gmt":"2026-04-10T18:44:03","guid":{"rendered":""},"modified":"2026-04-10T18:44:03","modified_gmt":"2026-04-10T18:44:03","slug":"bico-kristallidega-kaitseingli-ripats-ms7","status":"publish","type":"product","link":"https:\/\/bico.ee\/fi\/p\/bico-guardian-angel-riipus-kristalleilla-ms7\/","title":{"rendered":"Bico &#8220;Guardian Angel&#8221; riipus kristalleilla (MS7)"},"content":{"rendered":"<p>Pienempi Bico -allekirjoitusriipus, ikoninen ja symbolinen, koristeltu aitoilla Swarovskin kristalleilla. Nimi: Suojelusenkeli Merkitys: jumalallinen suoja, aina kanssasi, ei koskaan yksin Saatavilla olevat v\u00e4rit: sininen, kirkas, punainen, vaaleansininen, vaaleanpunainen Bico tarjoaa pienemm\u00e4n ketjun (F0, F1, F2, F3, F95 &#8211; F100) tai k\u00e4yt\u00e4 ylim\u00e4\u00e4r\u00e4ist\u00e4 Silmukka ja l\u00e4hes kaikki Bico -johdot tai kuristimet sarjan t\u00e4ydent\u00e4miseksi. Riipuksen leveys: 1,3 cm Pituus: 1,5 cm<\/p>","protected":false},"excerpt":{"rendered":"<p>MS7 0<\/p>\n","protected":false},"featured_media":19106,"template":"","meta":[],"product_cat":[277,292],"product_tag":[],"_links":{"self":[{"href":"https:\/\/bico.ee\/fi\/wp-json\/wp\/v2\/product\/19105"}],"collection":[{"href":"https:\/\/bico.ee\/fi\/wp-json\/wp\/v2\/product"}],"about":[{"href":"https:\/\/bico.ee\/fi\/wp-json\/wp\/v2\/types\/product"}],"wp:featuredmedia":[{"embeddable":true,"href":"https:\/\/bico.ee\/fi\/wp-json\/wp\/v2\/media\/19106"}],"wp:attachment":[{"href":"https:\/\/bico.ee\/fi\/wp-json\/wp\/v2\/media?parent=19105"}],"wp:term":[{"taxonomy":"product_cat","embeddable":true,"href":"https:\/\/bico.ee\/fi\/wp-json\/wp\/v2\/product_cat?post=19105"},{"taxonomy":"product_tag","embeddable":true,"href":"https:\/\/bico.ee\/fi\/wp-json\/wp\/v2\/product_tag?post=19105"}],"curies":[{"name":"wp","href":"https:\/\/api.w.org\/{rel}","templated":true}]}}