{"id":19107,"date":"2026-04-10T18:44:03","date_gmt":"2026-04-10T18:44:03","guid":{"rendered":""},"modified":"2026-04-10T18:44:03","modified_gmt":"2026-04-10T18:44:03","slug":"bico-patrician-kristallidega-ripats-ms8","status":"publish","type":"product","link":"https:\/\/bico.ee\/fi\/p\/bico-patrician-riipus-kristalleilla-ms8\/","title":{"rendered":"Bico &#8220;Patrician&#8221; riipus kristalleilla (MS8)"},"content":{"rendered":"<p>Pienempi Bico -allekirjoitusriipus, ikoninen ja symbolinen, koristeltu aitoilla Swarovskin kristalleilla. Nimi: Patrician Merkitys: jalojen aikomusten ohjaama Saatavilla olevat v\u00e4rit: Sininen, Kirkas, Punainen, Vaaleansininen, Vaaleanpunainen tai choker t\u00e4ydent\u00e4\u00e4ksesi sarjan. Riipuksen leveys: 1,4 cm Pituus: 1,5 cm<\/p>","protected":false},"excerpt":{"rendered":"<p>MS8 0<\/p>\n","protected":false},"featured_media":19108,"template":"","meta":[],"product_cat":[277,292],"product_tag":[],"_links":{"self":[{"href":"https:\/\/bico.ee\/fi\/wp-json\/wp\/v2\/product\/19107"}],"collection":[{"href":"https:\/\/bico.ee\/fi\/wp-json\/wp\/v2\/product"}],"about":[{"href":"https:\/\/bico.ee\/fi\/wp-json\/wp\/v2\/types\/product"}],"wp:featuredmedia":[{"embeddable":true,"href":"https:\/\/bico.ee\/fi\/wp-json\/wp\/v2\/media\/19108"}],"wp:attachment":[{"href":"https:\/\/bico.ee\/fi\/wp-json\/wp\/v2\/media?parent=19107"}],"wp:term":[{"taxonomy":"product_cat","embeddable":true,"href":"https:\/\/bico.ee\/fi\/wp-json\/wp\/v2\/product_cat?post=19107"},{"taxonomy":"product_tag","embeddable":true,"href":"https:\/\/bico.ee\/fi\/wp-json\/wp\/v2\/product_tag?post=19107"}],"curies":[{"name":"wp","href":"https:\/\/api.w.org\/{rel}","templated":true}]}}