{"id":19109,"date":"2026-04-10T18:44:03","date_gmt":"2026-04-10T18:44:03","guid":{"rendered":""},"modified":"2026-04-10T18:44:03","modified_gmt":"2026-04-10T18:44:03","slug":"bico-ristikuvoti-kristallidega-ripats-ms9","status":"publish","type":"product","link":"https:\/\/bico.ee\/fi\/p\/bico-clover-key-riipus-kristalleilla-ms9\/","title":{"rendered":"Bico &#8220;Clover Key&#8221; riipus kristalleilla (MS9)"},"content":{"rendered":"<p>Pienempi Bico -allekirjoitusriipus, ikoninen ja symbolinen, koristeltu aitoilla Swarovskin kristalleilla. Nimi: Apilaavain Merkitys: avain menestykseen ja onneen Saatavilla olevat v\u00e4rit: Sininen, Kirkas, Punainen, Vaaleansininen, Vaaleanpunainen Bico tarjoaa pienemm\u00e4n ketjun (F0, F1, F2, F3, F95 &#8211; F100) tai k\u00e4yt\u00e4 ylim\u00e4\u00e4r\u00e4ist\u00e4 silmukkaa ja melkein mik\u00e4 tahansa Bico -johto tai kuristin sarjan t\u00e4ydent\u00e4miseksi. Riipuksen leveys: 0,9 cm Pituus: 2,2 cm<\/p>","protected":false},"excerpt":{"rendered":"<p>MS9 0<\/p>\n","protected":false},"featured_media":19110,"template":"","meta":[],"product_cat":[277,292],"product_tag":[],"_links":{"self":[{"href":"https:\/\/bico.ee\/fi\/wp-json\/wp\/v2\/product\/19109"}],"collection":[{"href":"https:\/\/bico.ee\/fi\/wp-json\/wp\/v2\/product"}],"about":[{"href":"https:\/\/bico.ee\/fi\/wp-json\/wp\/v2\/types\/product"}],"wp:featuredmedia":[{"embeddable":true,"href":"https:\/\/bico.ee\/fi\/wp-json\/wp\/v2\/media\/19110"}],"wp:attachment":[{"href":"https:\/\/bico.ee\/fi\/wp-json\/wp\/v2\/media?parent=19109"}],"wp:term":[{"taxonomy":"product_cat","embeddable":true,"href":"https:\/\/bico.ee\/fi\/wp-json\/wp\/v2\/product_cat?post=19109"},{"taxonomy":"product_tag","embeddable":true,"href":"https:\/\/bico.ee\/fi\/wp-json\/wp\/v2\/product_tag?post=19109"}],"curies":[{"name":"wp","href":"https:\/\/api.w.org\/{rel}","templated":true}]}}