{"id":19113,"date":"2026-04-10T18:44:03","date_gmt":"2026-04-10T18:44:03","guid":{"rendered":""},"modified":"2026-04-10T18:44:03","modified_gmt":"2026-04-10T18:44:03","slug":"bico-petite-fleurette-lilleriip-kristallidega-ms11","status":"publish","type":"product","link":"https:\/\/bico.ee\/fi\/p\/bico-petite-fleurette-kukkaruukku-kristalleilla-ms11\/","title":{"rendered":"Bico &#8220;Petite Fleurette&#8221; kukkaruukku kristalleilla (MS11)"},"content":{"rendered":"<p>Pienempi Bico -allekirjoitusriipus, ikoninen ja symbolinen, koristeltu aitoilla Swarovskin kristalleilla. Nimi: Pienikokoinen Fleurette Merkitys: ihastuttava ja kirkas Saatavilla olevat v\u00e4rit: Sininen, Kirkas, Punainen, Vaaleansininen, Vaaleanpunainen tai choker t\u00e4ydent\u00e4\u00e4ksesi sarjan. Riipuksen leveys: 1,7 cm Pituus: 1,7 cm<\/p>","protected":false},"excerpt":{"rendered":"<p>MS11 0<\/p>\n","protected":false},"featured_media":19114,"template":"","meta":[],"product_cat":[277,292],"product_tag":[],"_links":{"self":[{"href":"https:\/\/bico.ee\/fi\/wp-json\/wp\/v2\/product\/19113"}],"collection":[{"href":"https:\/\/bico.ee\/fi\/wp-json\/wp\/v2\/product"}],"about":[{"href":"https:\/\/bico.ee\/fi\/wp-json\/wp\/v2\/types\/product"}],"wp:featuredmedia":[{"embeddable":true,"href":"https:\/\/bico.ee\/fi\/wp-json\/wp\/v2\/media\/19114"}],"wp:attachment":[{"href":"https:\/\/bico.ee\/fi\/wp-json\/wp\/v2\/media?parent=19113"}],"wp:term":[{"taxonomy":"product_cat","embeddable":true,"href":"https:\/\/bico.ee\/fi\/wp-json\/wp\/v2\/product_cat?post=19113"},{"taxonomy":"product_tag","embeddable":true,"href":"https:\/\/bico.ee\/fi\/wp-json\/wp\/v2\/product_tag?post=19113"}],"curies":[{"name":"wp","href":"https:\/\/api.w.org\/{rel}","templated":true}]}}