{"id":19117,"date":"2026-04-10T18:44:03","date_gmt":"2026-04-10T18:44:03","guid":{"rendered":""},"modified":"2026-04-10T18:44:03","modified_gmt":"2026-04-10T18:44:03","slug":"bico-clover-lilleriip-kristallidega-ms13","status":"publish","type":"product","link":"https:\/\/bico.ee\/fi\/p\/bico-clover-kukkaruukku-kristalleilla-ms13\/","title":{"rendered":"Bico &#8220;Clover&#8221; kukkaruukku kristalleilla (MS13)"},"content":{"rendered":"<p>Pienempi Bico -allekirjoitusriipus, ikoninen ja symbolinen, koristeltu aitoilla Swarovskin kristalleilla. Nimi: Apila Merkitys: onnea ja menestyst\u00e4 Saatavilla olevat v\u00e4rit: Sininen, Kirkas, Punainen, Vaaleansininen, Vaaleanpunainen choker t\u00e4ydent\u00e4\u00e4ksesi sarjan. Riipuksen leveys: 1,3 cm Pituus: 1,3 cm<\/p>","protected":false},"excerpt":{"rendered":"<p>MS13 0<\/p>\n","protected":false},"featured_media":21550,"template":"","meta":[],"product_cat":[277,292],"product_tag":[],"_links":{"self":[{"href":"https:\/\/bico.ee\/fi\/wp-json\/wp\/v2\/product\/19117"}],"collection":[{"href":"https:\/\/bico.ee\/fi\/wp-json\/wp\/v2\/product"}],"about":[{"href":"https:\/\/bico.ee\/fi\/wp-json\/wp\/v2\/types\/product"}],"wp:featuredmedia":[{"embeddable":true,"href":"https:\/\/bico.ee\/fi\/wp-json\/"}],"wp:attachment":[{"href":"https:\/\/bico.ee\/fi\/wp-json\/wp\/v2\/media?parent=19117"}],"wp:term":[{"taxonomy":"product_cat","embeddable":true,"href":"https:\/\/bico.ee\/fi\/wp-json\/wp\/v2\/product_cat?post=19117"},{"taxonomy":"product_tag","embeddable":true,"href":"https:\/\/bico.ee\/fi\/wp-json\/wp\/v2\/product_tag?post=19117"}],"curies":[{"name":"wp","href":"https:\/\/api.w.org\/{rel}","templated":true}]}}