{"id":19433,"date":"2026-04-10T18:43:58","date_gmt":"2026-04-10T18:43:58","guid":{"rendered":""},"modified":"2026-04-10T18:43:58","modified_gmt":"2026-04-10T18:43:58","slug":"bico-lilac-star-kristallidega-lilleripats-pv9","status":"publish","type":"product","link":"https:\/\/bico.ee\/fi\/p\/bico-lilac-star-pave-kukka-riipus-kristalleilla-pv9\/","title":{"rendered":"Bico &#8220;Lilac Star&#8221; Pave kukka riipus kristalleilla (PV9)"},"content":{"rendered":"<p>Faux Pave -riipukset, jotka on luotu upottamalla yksil\u00f6llisesti yli 160 aitoa Swarovskin kristallia hartsipohjaan. <BR><UL><LI>Nimi: Lila -t\u00e4hti <\/LI><LI>Merkitys: El\u00e4m\u00e4 hengess\u00e4 ja kirkkaudessa Yli 160 aitoa Swarovskin kristallia, jotka on sijoitettu erikseen kussakin riipuksessa Saatavilla olevat v\u00e4rit: sininen, musta, punainen, vaaleansininen, vaaleanpunainen, kirkas. Riipuksen leveys: 4,5 cm Pituus: 4,5 cm Silmukan halkaisija: 5 mm<\/p>","protected":false},"excerpt":{"rendered":"<p>PV9 0<\/p>\n","protected":false},"featured_media":19944,"template":"","meta":[],"product_cat":[277,291],"product_tag":[],"_links":{"self":[{"href":"https:\/\/bico.ee\/fi\/wp-json\/wp\/v2\/product\/19433"}],"collection":[{"href":"https:\/\/bico.ee\/fi\/wp-json\/wp\/v2\/product"}],"about":[{"href":"https:\/\/bico.ee\/fi\/wp-json\/wp\/v2\/types\/product"}],"wp:featuredmedia":[{"embeddable":true,"href":"https:\/\/bico.ee\/fi\/wp-json\/wp\/v2\/media\/19944"}],"wp:attachment":[{"href":"https:\/\/bico.ee\/fi\/wp-json\/wp\/v2\/media?parent=19433"}],"wp:term":[{"taxonomy":"product_cat","embeddable":true,"href":"https:\/\/bico.ee\/fi\/wp-json\/wp\/v2\/product_cat?post=19433"},{"taxonomy":"product_tag","embeddable":true,"href":"https:\/\/bico.ee\/fi\/wp-json\/wp\/v2\/product_tag?post=19433"}],"curies":[{"name":"wp","href":"https:\/\/api.w.org\/{rel}","templated":true}]}}