{"id":21809,"date":"2026-04-10T18:44:03","date_gmt":"2026-04-10T18:44:03","guid":{"rendered":""},"modified":"2026-04-10T18:44:03","modified_gmt":"2026-04-10T18:44:03","slug":"votmehoidja-karabiin-bico4","status":"publish","type":"product","link":"https:\/\/bico.ee\/fi\/p\/avaimenpera-karabiini-bico4\/","title":{"rendered":"Avaimenper\u00e4-karabiini Bico."},"content":{"rendered":"<p>Titaani pullonavaaja avaimenper\u00e4\/karabiini<br \/>\n<BR><UL><LI>Jokainen avaimenper\u00e4\/karabiini leikataan erikseen kiinte\u00e4st\u00e4 luokan 5 (6AL 4V) titaanista k\u00e4ytt\u00e4en tarkkaa s\u00e4hk\u00f6purkauslankaleikkaustekniikkaa (EDW).<br \/>\n<\/LI><LI>Innovatiivisen unibody-rakenteen ansiosta n\u00e4pp\u00e4imi\u00e4 voidaan siirt\u00e4\u00e4 nopeasti ja helposti avainnippuun ja sielt\u00e4 pois eritt\u00e4in turvallisten kaksoisporttien kautta.<br \/>\n<\/LI><LI>saatavilla olevat v\u00e4rit: sininen, harjattu pinta, kulta, kivipinta<br \/>\n<\/LI><LI>Jokainen pala happopest\u00e4\u00e4n, jauhetaan sitten k\u00e4sin ennen kuin sit\u00e4 rummutetaan 24 tuntia kiviss\u00e4 ja erikoisliuoksessa ja viimeistell\u00e4\u00e4n sitten uudelleen kaikilta pinnoilta k\u00e4sin kiillotettujen pintojen luomiseksi<br \/>\n<\/LI><LI>Noin: Pituus 5.2cm * Leveys 4,5cm * Paksuus 4mm<br \/>\n<\/LI><LI>Bico Keyklipz A -sarja on \u00e4\u00e4rimm\u00e4inen avaimenper\u00e4, joka k\u00e4ytt\u00e4\u00e4 titaanin superlujuutta ja joustavuutta luodakseen tyylikk\u00e4\u00e4n, puettavan avaimenper\u00e4n, jossa on ezy-on\/ezy-off-toiminto, joka yhdist\u00e4\u00e4 ikoniset mallit ja karabiinitoiminnot.<br \/>\n<\/LI><LI>T\u00e4m\u00e4 on t\u00e4ydellinen avaimenper\u00e4 \/ karabiini jokap\u00e4iv\u00e4isten avainten ja EDC-ty\u00f6kalujen kantamiseen &#8211; tarpeeksi vahva, jotta siihen voidaan luottaa normaalissa jokap\u00e4iv\u00e4isess\u00e4 k\u00e4yt\u00f6ss\u00e4.<br \/>\n<\/LI><LI>Avaimet ja muut esineet, kuten monitoimity\u00f6kalut, on helppo pukea ja ottaa pois avaimenper\u00e4st\u00e4, kun taas avainryhm\u00e4t ja ep\u00e4tyypilliset n\u00e4pp\u00e4imet tavallisissa py\u00f6reiss\u00e4 renkaissa ovat yht\u00e4 helppoja pukea ja riisua.<br \/>\n<\/LI><LI>Keyklipz-muotoilu toimii my\u00f6s karabiinina \u2013 mutta tyylikk\u00e4\u00e4sti! Kaksoislukitusrakenne kiinnitt\u00e4\u00e4 avaimet, kun avaimenper\u00e4 asetetaan farkkuihin tai laukkuun tai otetaan pois.<br \/>\n<\/LI><LI>Valitsemamme ikoniset mallit on optimoitu toiminnaksi, mutta jokaisella on oma persoonallisuutensa ja erityinen tapa k\u00e4ytt\u00e4\u00e4: seikkailu, joka odottaa nauttimista!<br \/>\n <\/LI><\/UL><\/p>","protected":false},"excerpt":{"rendered":"<p>KR35A-ST 825873075838<\/p>\n","protected":false},"featured_media":21810,"template":"","meta":[],"product_cat":[122],"product_tag":[],"_links":{"self":[{"href":"https:\/\/bico.ee\/fi\/wp-json\/wp\/v2\/product\/21809"}],"collection":[{"href":"https:\/\/bico.ee\/fi\/wp-json\/wp\/v2\/product"}],"about":[{"href":"https:\/\/bico.ee\/fi\/wp-json\/wp\/v2\/types\/product"}],"wp:featuredmedia":[{"embeddable":true,"href":"https:\/\/bico.ee\/fi\/wp-json\/wp\/v2\/media\/21810"}],"wp:attachment":[{"href":"https:\/\/bico.ee\/fi\/wp-json\/wp\/v2\/media?parent=21809"}],"wp:term":[{"taxonomy":"product_cat","embeddable":true,"href":"https:\/\/bico.ee\/fi\/wp-json\/wp\/v2\/product_cat?post=21809"},{"taxonomy":"product_tag","embeddable":true,"href":"https:\/\/bico.ee\/fi\/wp-json\/wp\/v2\/product_tag?post=21809"}],"curies":[{"name":"wp","href":"https:\/\/api.w.org\/{rel}","templated":true}]}}