{"id":21824,"date":"2026-04-10T18:44:03","date_gmt":"2026-04-10T18:44:03","guid":{"rendered":""},"modified":"2026-04-10T18:44:03","modified_gmt":"2026-04-10T18:44:03","slug":"votmehoidja-pudeli-avaja-bico4","status":"publish","type":"product","link":"https:\/\/bico.ee\/fi\/p\/avaimenpera-pullonavaaja-bico4\/","title":{"rendered":"Avaimenper\u00e4-pullonavaaja Bico."},"content":{"rendered":"<p>Titaani pullonavaaja karabiini<br \/>\n<\/LI><\/UL>Jokainen avaimenper\u00e4\/karabiini leikataan erikseen kiinte\u00e4st\u00e4 luokan 5 (6AL 4V) titaanista k\u00e4ytt\u00e4en tarkkaa s\u00e4hk\u00f6purkauslankaleikkaustekniikkaa (EDW).<br \/>\n<\/LI><LI>Pullonavaaja -muotoilu yhdist\u00e4\u00e4 eritt\u00e4in toimivan pullonavaajan ominaisuuden avaimenper\u00e4- ja karabiinitoimintoihin ikonisessa ja tasapainoisessa muotoilussa.<br \/>\n<\/LI><LI>Saatavilla olevat v\u00e4rit: sininen, harjattu pinta, kulta, kivipinta<br \/>\n<\/LI><LI>Jokainen pala happopest\u00e4\u00e4n, jauhetaan sitten k\u00e4sin ennen kuin sit\u00e4 rummutetaan 24 tuntia kiviss\u00e4 ja erikoisliuoksessa ja viimeistell\u00e4\u00e4n sitten uudelleen kaikilta pinnoilta k\u00e4sin kiillotettujen pintojen luomiseksi<br \/>\n<\/LI><LI>Noin: Pituus 5.5cm * Leveys 2,8cm * Paksuus 5mm<br \/>\n<\/LI><LI>Bico Keyklipz B -sarja muuttaa EDC-karabiinin vakiomallin muodoiksi ja tyyleiksi, joista tulee puettavaa muotia s\u00e4ilytt\u00e4en samalla kaikki tavallisen Every Day Carry -karabiinin toiminnot.<br \/>\n<\/LI><LI>T\u00e4m\u00e4 on t\u00e4ydellinen avaimenper\u00e4\/karabiini jokap\u00e4iv\u00e4isten avainten ja EDC-ty\u00f6kalujen kantamiseen \u2013 tarpeeksi vahva k\u00e4ytett\u00e4v\u00e4ksi normaalissa p\u00e4ivitt\u00e4isess\u00e4 k\u00e4yt\u00f6ss\u00e4.<br \/>\n<\/LI><LI>Valitsemamme ikoniset mallit on optimoitu toiminnaksi, mutta jokaisella on oma persoonallisuutensa ja erityinen tapa k\u00e4ytt\u00e4\u00e4: seikkailu, joka odottaa nauttimista!<br \/>\n<\/LI><\/UL><\/p>","protected":false},"excerpt":{"rendered":"<p>KR20B-ST 825873075852<\/p>\n","protected":false},"featured_media":21825,"template":"","meta":[],"product_cat":[122],"product_tag":[],"_links":{"self":[{"href":"https:\/\/bico.ee\/fi\/wp-json\/wp\/v2\/product\/21824"}],"collection":[{"href":"https:\/\/bico.ee\/fi\/wp-json\/wp\/v2\/product"}],"about":[{"href":"https:\/\/bico.ee\/fi\/wp-json\/wp\/v2\/types\/product"}],"wp:featuredmedia":[{"embeddable":true,"href":"https:\/\/bico.ee\/fi\/wp-json\/wp\/v2\/media\/21825"}],"wp:attachment":[{"href":"https:\/\/bico.ee\/fi\/wp-json\/wp\/v2\/media?parent=21824"}],"wp:term":[{"taxonomy":"product_cat","embeddable":true,"href":"https:\/\/bico.ee\/fi\/wp-json\/wp\/v2\/product_cat?post=21824"},{"taxonomy":"product_tag","embeddable":true,"href":"https:\/\/bico.ee\/fi\/wp-json\/wp\/v2\/product_tag?post=21824"}],"curies":[{"name":"wp","href":"https:\/\/api.w.org\/{rel}","templated":true}]}}