{"id":21858,"date":"2026-04-10T18:44:03","date_gmt":"2026-04-10T18:44:03","guid":{"rendered":""},"modified":"2026-04-10T18:44:03","modified_gmt":"2026-04-10T18:44:03","slug":"votmehoidja-karabiin-bico14","status":"publish","type":"product","link":"https:\/\/bico.ee\/fi\/p\/avaimenpera-karabiini-bico14\/","title":{"rendered":"Avaimenper\u00e4-karabiini Bico."},"content":{"rendered":"<p>BICO Titanium Heart karabiini<br \/>\n<BR><UL><LI>Jokainen avaimenper\u00e4\/karabiini leikataan erikseen kiinte\u00e4st\u00e4 luokan 5 (6AL 4V) titaanista k\u00e4ytt\u00e4en tarkkaa s\u00e4hk\u00f6purkauslankaleikkaustekniikkaa (EDW).<br \/>\n<\/LI><LI>Heart-muotoilu on yksinkertaisesti upea k\u00e4ytt\u00e4\u00e4 ja k\u00e4ytt\u00e4\u00e4, ja se tasapainottaa t\u00e4ydellisesti karabiinin ja avaimenper\u00e4n toiminnot vaarantamatta ikonista muotoa.<br \/>\n<\/LI><LI>Saatavilla olevat v\u00e4rit: sininen, harjattu pinta, kulta, kivipinta<br \/>\n<\/LI><LI>Jokainen pala happopest\u00e4\u00e4n, jauhetaan sitten k\u00e4sin ennen kuin sit\u00e4 rummutetaan 24 tuntia kiviss\u00e4 ja erikoisliuoksessa ja viimeistell\u00e4\u00e4n sitten uudelleen kaikilta pinnoilta k\u00e4sin kiillotettujen pintojen luomiseksi<br \/>\n<\/LI><LI>Noin: Pituus 5.1cm * Leveys 4cm * Paksuus 5mm<br \/>\n<\/LI><LI>Bico Keyklipz B -sarja muuttaa EDC-karabiinin vakiomallin muodoiksi ja tyyleiksi, joista tulee puettavaa muotia s\u00e4ilytt\u00e4en samalla kaikki tavallisen Every Day Carry -karabiinin toiminnot.<br \/>\n<\/LI><LI>T\u00e4m\u00e4 on t\u00e4ydellinen avaimenper\u00e4\/karabiini jokap\u00e4iv\u00e4isten avainten ja EDC-ty\u00f6kalujen kantamiseen \u2013 tarpeeksi vahva k\u00e4ytett\u00e4v\u00e4ksi normaalissa p\u00e4ivitt\u00e4isess\u00e4 k\u00e4yt\u00f6ss\u00e4.<br \/>\n<\/LI><LI>Valitsemamme ikoniset mallit on optimoitu toiminnaksi, mutta jokaisella on oma persoonallisuutensa ja erityinen tapa k\u00e4ytt\u00e4\u00e4: seikkailu, joka odottaa nauttimista!<br \/>\n<\/LI><\/UL><\/p>","protected":false},"excerpt":{"rendered":"<p>KR35B-BR 825873075920<\/p>\n","protected":false},"featured_media":21991,"template":"","meta":[],"product_cat":[122],"product_tag":[],"_links":{"self":[{"href":"https:\/\/bico.ee\/fi\/wp-json\/wp\/v2\/product\/21858"}],"collection":[{"href":"https:\/\/bico.ee\/fi\/wp-json\/wp\/v2\/product"}],"about":[{"href":"https:\/\/bico.ee\/fi\/wp-json\/wp\/v2\/types\/product"}],"wp:featuredmedia":[{"embeddable":true,"href":"https:\/\/bico.ee\/fi\/wp-json\/wp\/v2\/media\/21991"}],"wp:attachment":[{"href":"https:\/\/bico.ee\/fi\/wp-json\/wp\/v2\/media?parent=21858"}],"wp:term":[{"taxonomy":"product_cat","embeddable":true,"href":"https:\/\/bico.ee\/fi\/wp-json\/wp\/v2\/product_cat?post=21858"},{"taxonomy":"product_tag","embeddable":true,"href":"https:\/\/bico.ee\/fi\/wp-json\/wp\/v2\/product_tag?post=21858"}],"curies":[{"name":"wp","href":"https:\/\/api.w.org\/{rel}","templated":true}]}}