{"id":22298,"date":"2026-04-10T18:44:03","date_gmt":"2026-04-10T18:44:03","guid":{"rendered":""},"modified":"2026-04-10T18:44:03","modified_gmt":"2026-04-10T18:44:03","slug":"mitmekihilist-puuvillase-nooriga-ripats-rd1-2","status":"publish","type":"product","link":"https:\/\/bico.ee\/fi\/p\/monikerroksinen-riipus-puuvillalangalla-rd1-2\/","title":{"rendered":"Monikerroksinen riipus puuvillalangalla (RD1-2)"},"content":{"rendered":"<p>Nimi: Studded Skull<br \/>\n<BR><UL><LI>Merkitys: raaka tyyli<br \/>\n<\/LI><LI>S\u00e4\u00e4dett\u00e4v\u00e4 musta monis\u00e4ikeinen puuvillany\u00f6rikaulakoru voidaan muuttaa 18 &#8211; 20 &#8211; 22 tuuman (45 mm tai 50 tai 55 mm) pituiseksi.<br \/>\n<\/LI><LI>Alkuper\u00e4inen ja ainutlaatuinen Bico-design, jossa yhdistyv\u00e4t k\u00e4sin viimeistelty tinariipus s\u00e4\u00e4dett\u00e4v\u00e4ll\u00e4 mustalla monis\u00e4ikeisell\u00e4 puuvillany\u00f6rill\u00e4.<br \/>\n<\/LI><LI>S\u00e4\u00e4dett\u00e4v\u00e4n kaulakorun pituus voidaan muuttaa 18 tuumasta (45 mm) 22 tuumaan (55 mm) k\u00e4ytt\u00e4m\u00e4ll\u00e4 integroitua ter\u00e4sketjuelementti\u00e4<br \/>\n<\/LI><\/UL><\/p>","protected":false},"excerpt":{"rendered":"<p>RD11 0<\/p>\n","protected":false},"featured_media":22621,"template":"","meta":[],"product_cat":[169],"product_tag":[],"_links":{"self":[{"href":"https:\/\/bico.ee\/fi\/wp-json\/wp\/v2\/product\/22298"}],"collection":[{"href":"https:\/\/bico.ee\/fi\/wp-json\/wp\/v2\/product"}],"about":[{"href":"https:\/\/bico.ee\/fi\/wp-json\/wp\/v2\/types\/product"}],"wp:featuredmedia":[{"embeddable":true,"href":"https:\/\/bico.ee\/fi\/wp-json\/wp\/v2\/media\/22621"}],"wp:attachment":[{"href":"https:\/\/bico.ee\/fi\/wp-json\/wp\/v2\/media?parent=22298"}],"wp:term":[{"taxonomy":"product_cat","embeddable":true,"href":"https:\/\/bico.ee\/fi\/wp-json\/wp\/v2\/product_cat?post=22298"},{"taxonomy":"product_tag","embeddable":true,"href":"https:\/\/bico.ee\/fi\/wp-json\/wp\/v2\/product_tag?post=22298"}],"curies":[{"name":"wp","href":"https:\/\/api.w.org\/{rel}","templated":true}]}}