{"id":22304,"date":"2026-04-10T18:44:03","date_gmt":"2026-04-10T18:44:03","guid":{"rendered":""},"modified":"2026-04-10T18:44:03","modified_gmt":"2026-04-10T18:44:03","slug":"mitmekihilist-puuvillase-nooriga-ripats-re2","status":"publish","type":"product","link":"https:\/\/bico.ee\/fi\/p\/monikerroksinen-riipus-puuvillalangalla-re2\/","title":{"rendered":"Monikerroksinen riipus puuvillalangalla (RE2)"},"content":{"rendered":"<p>Nimi: Eagle Guardian<br \/>\n<BR><UL><LI>Merkitys: auttaa niit\u00e4, jotka eiv\u00e4t voi auttaa itse\u00e4\u00e4n<br \/>\n<\/LI><LI>Monis\u00e4ikeinen 31,5 tuuman (80 cm) puuvillanauhakaulakoru, jossa k\u00e4sin viimeistelty tinariipus <\/LI><LI><br \/>\n31,5 tuuman (80 cm) luonnollinen monis\u00e4ikeinen puuvillany\u00f6ri yhdistettyn\u00e4 tinariipukseen, joka on hapetettu mustaksi ja sitten k\u00e4sin harjattu luomaan kohokohtia ja mattapintaisen lopputuloksen.<br \/>\n<\/LI><\/UL><\/p>","protected":false},"excerpt":{"rendered":"<p>RE2P12A 825873078051<\/p>\n","protected":false},"featured_media":22641,"template":"","meta":[],"product_cat":[169],"product_tag":[],"_links":{"self":[{"href":"https:\/\/bico.ee\/fi\/wp-json\/wp\/v2\/product\/22304"}],"collection":[{"href":"https:\/\/bico.ee\/fi\/wp-json\/wp\/v2\/product"}],"about":[{"href":"https:\/\/bico.ee\/fi\/wp-json\/wp\/v2\/types\/product"}],"wp:featuredmedia":[{"embeddable":true,"href":"https:\/\/bico.ee\/fi\/wp-json\/wp\/v2\/media\/22641"}],"wp:attachment":[{"href":"https:\/\/bico.ee\/fi\/wp-json\/wp\/v2\/media?parent=22304"}],"wp:term":[{"taxonomy":"product_cat","embeddable":true,"href":"https:\/\/bico.ee\/fi\/wp-json\/wp\/v2\/product_cat?post=22304"},{"taxonomy":"product_tag","embeddable":true,"href":"https:\/\/bico.ee\/fi\/wp-json\/wp\/v2\/product_tag?post=22304"}],"curies":[{"name":"wp","href":"https:\/\/api.w.org\/{rel}","templated":true}]}}