{"id":22305,"date":"2026-04-10T18:44:03","date_gmt":"2026-04-10T18:44:03","guid":{"rendered":""},"modified":"2026-04-10T18:44:03","modified_gmt":"2026-04-10T18:44:03","slug":"mitmekihilist-puuvillase-nooriga-ripats-re21","status":"publish","type":"product","link":"https:\/\/bico.ee\/fi\/p\/monikerroksinen-riipus-puuvillalangalla-re21\/","title":{"rendered":"Monikerroksinen riipus puuvillalangalla (RE2)"},"content":{"rendered":"<p>Nimi: lakko<br \/>\n<BR><UL><LI>Merkitys: toimi ilman pelkoa<br \/>\n<\/LI><LI>Monis\u00e4ikeinen 31,5 tuuman (80 cm) puuvillanauhakaulakoru, jossa k\u00e4sin viimeistelty tinariipus <\/LI><LI><br \/>\n31,5 tuuman (80 cm) monis\u00e4ikeinen puuvillany\u00f6ri yhdistettyn\u00e4 tinariipukseen, joka on hapetettu mustaksi ja sitten harjattu k\u00e4sin kohokohtien ja mattapintaisen viimeistelyn luomiseksi.<br \/>\n<\/LI><\/UL><\/p>","protected":false},"excerpt":{"rendered":"<p>RE2P14C 825873078068<\/p>\n","protected":false},"featured_media":22644,"template":"","meta":[],"product_cat":[169],"product_tag":[],"_links":{"self":[{"href":"https:\/\/bico.ee\/fi\/wp-json\/wp\/v2\/product\/22305"}],"collection":[{"href":"https:\/\/bico.ee\/fi\/wp-json\/wp\/v2\/product"}],"about":[{"href":"https:\/\/bico.ee\/fi\/wp-json\/wp\/v2\/types\/product"}],"wp:featuredmedia":[{"embeddable":true,"href":"https:\/\/bico.ee\/fi\/wp-json\/wp\/v2\/media\/22644"}],"wp:attachment":[{"href":"https:\/\/bico.ee\/fi\/wp-json\/wp\/v2\/media?parent=22305"}],"wp:term":[{"taxonomy":"product_cat","embeddable":true,"href":"https:\/\/bico.ee\/fi\/wp-json\/wp\/v2\/product_cat?post=22305"},{"taxonomy":"product_tag","embeddable":true,"href":"https:\/\/bico.ee\/fi\/wp-json\/wp\/v2\/product_tag?post=22305"}],"curies":[{"name":"wp","href":"https:\/\/api.w.org\/{rel}","templated":true}]}}