{"id":22307,"date":"2026-04-10T18:44:03","date_gmt":"2026-04-10T18:44:03","guid":{"rendered":""},"modified":"2026-04-10T18:44:03","modified_gmt":"2026-04-10T18:44:03","slug":"nahk-noor-ripatsiga","status":"publish","type":"product","link":"https:\/\/bico.ee\/fi\/p\/nahkanaru-riipuksella\/","title":{"rendered":"Nahkanaru riipuksella"},"content":{"rendered":"<p>Nimi: tuhlaajapoika Rockstar<br \/>\n<BR><UL><LI>Merkitys: el\u00e4m\u00e4 on valtatie, joka johtaa taivaaseen tai helvettiin<br \/>\n<\/LI><LI>Vankka k\u00e4sin viimeistelty tinariipus 31,5 tuuman (80 cm) nahkaisella kaulakorulla<br \/>\n<\/LI><LI>31,5 tuuman (80 cm) luonnonnahkainen ny\u00f6ri kontrastiv\u00e4risell\u00e4 puuvillanauhalla yhdistettyn\u00e4 tinariipukseen, joka on hapetettu mustaksi ja sitten k\u00e4sin harjattu luomaan kohokohtia ja mattapintaisen lopputuloksen.<br \/>\n<\/LI><\/UL><\/p>","protected":false},"excerpt":{"rendered":"<p>RB2P7A 825873077955<\/p>\n","protected":false},"featured_media":22651,"template":"","meta":[],"product_cat":[169],"product_tag":[],"_links":{"self":[{"href":"https:\/\/bico.ee\/fi\/wp-json\/wp\/v2\/product\/22307"}],"collection":[{"href":"https:\/\/bico.ee\/fi\/wp-json\/wp\/v2\/product"}],"about":[{"href":"https:\/\/bico.ee\/fi\/wp-json\/wp\/v2\/types\/product"}],"wp:featuredmedia":[{"embeddable":true,"href":"https:\/\/bico.ee\/fi\/wp-json\/wp\/v2\/media\/22651"}],"wp:attachment":[{"href":"https:\/\/bico.ee\/fi\/wp-json\/wp\/v2\/media?parent=22307"}],"wp:term":[{"taxonomy":"product_cat","embeddable":true,"href":"https:\/\/bico.ee\/fi\/wp-json\/wp\/v2\/product_cat?post=22307"},{"taxonomy":"product_tag","embeddable":true,"href":"https:\/\/bico.ee\/fi\/wp-json\/wp\/v2\/product_tag?post=22307"}],"curies":[{"name":"wp","href":"https:\/\/api.w.org\/{rel}","templated":true}]}}