{"id":22318,"date":"2026-04-10T18:44:03","date_gmt":"2026-04-10T18:44:03","guid":{"rendered":""},"modified":"2026-04-10T18:44:03","modified_gmt":"2026-04-10T18:44:03","slug":"nahk-noor-ripatsiga5","status":"publish","type":"product","link":"https:\/\/bico.ee\/fi\/p\/nahkanaru-riipuksella5\/","title":{"rendered":"Nahkanaru riipuksella"},"content":{"rendered":"<p>Nimi: Portinvartija<br \/>\n<BR><UL><LI>Merkitys: pit\u00e4\u00e4 sis\u00e4ll\u00e4\u00e4n avaimen sielusi<br \/>\n<\/LI><LI>Vankka k\u00e4sin viimeistelty tinariipus 31,5 tuuman (80 cm) nahkaisella kaulakorulla<br \/>\n<\/LI><LI>31,5 tuuman (80 cm) luonnonnahkainen ny\u00f6ri kontrastiv\u00e4risell\u00e4 puuvillanauhalla yhdistettyn\u00e4 tinariipukseen, joka on hapetettu mustaksi ja sitten k\u00e4sin harjattu luomaan kohokohtia ja mattapintaisen lopputuloksen.<br \/>\n<\/LI><\/UL><\/p>","protected":false},"excerpt":{"rendered":"<p>RB2 0<\/p>\n","protected":false},"featured_media":22685,"template":"","meta":[],"product_cat":[169],"product_tag":[],"_links":{"self":[{"href":"https:\/\/bico.ee\/fi\/wp-json\/wp\/v2\/product\/22318"}],"collection":[{"href":"https:\/\/bico.ee\/fi\/wp-json\/wp\/v2\/product"}],"about":[{"href":"https:\/\/bico.ee\/fi\/wp-json\/wp\/v2\/types\/product"}],"wp:featuredmedia":[{"embeddable":true,"href":"https:\/\/bico.ee\/fi\/wp-json\/wp\/v2\/media\/22685"}],"wp:attachment":[{"href":"https:\/\/bico.ee\/fi\/wp-json\/wp\/v2\/media?parent=22318"}],"wp:term":[{"taxonomy":"product_cat","embeddable":true,"href":"https:\/\/bico.ee\/fi\/wp-json\/wp\/v2\/product_cat?post=22318"},{"taxonomy":"product_tag","embeddable":true,"href":"https:\/\/bico.ee\/fi\/wp-json\/wp\/v2\/product_tag?post=22318"}],"curies":[{"name":"wp","href":"https:\/\/api.w.org\/{rel}","templated":true}]}}