{"id":22421,"date":"2026-04-10T18:44:04","date_gmt":"2026-04-10T18:44:04","guid":{"rendered":""},"modified":"2026-04-10T18:44:04","modified_gmt":"2026-04-10T18:44:04","slug":"kaevoru-nahast-bico-fb411blk","status":"publish","type":"product","link":"https:\/\/bico.ee\/fi\/p\/rannekoru-nahkainen-bico-fb411blk\/","title":{"rendered":"Rannekoru nahkainen Bico (FB411BLK)"},"content":{"rendered":"<p>Nimi: Smoke Dance<br \/>\n<BR><UL><LI> Merkitys: henke\u00e4 l\u00e4mmitt\u00e4v\u00e4 puhdistus<br \/>\n<\/LI><LI> Kolmis\u00e4ikeinen .12&#8242; (3mm) nahkajohto, jossa tinaliittimet ja 10 liukuvaa tinarengasta<br \/>\n<\/LI><LI> Alkuper\u00e4inen ja ainutlaatuinen Bico-muotoilu, jossa yhdistyv\u00e4t 3 s\u00e4iett\u00e4 .12&#8242; (3mm) mustia nahkanaruja ja 10 liikkuvaa tinarengasta.<br \/>\nLuo oma ainutlaatuinen &#8216;lookisi&#8217; liu&#8217;uttamalla renkaat mihin tahansa m\u00e4\u00e4r\u00e4\u00e4n yhdistelmi\u00e4<br \/>\n<\/LI><\/UL> <\/p>","protected":false},"excerpt":{"rendered":"<p>FB411BLK 0<\/p>\n","protected":false},"featured_media":22772,"template":"","meta":[],"product_cat":[106,159],"product_tag":[],"_links":{"self":[{"href":"https:\/\/bico.ee\/fi\/wp-json\/wp\/v2\/product\/22421"}],"collection":[{"href":"https:\/\/bico.ee\/fi\/wp-json\/wp\/v2\/product"}],"about":[{"href":"https:\/\/bico.ee\/fi\/wp-json\/wp\/v2\/types\/product"}],"wp:featuredmedia":[{"embeddable":true,"href":"https:\/\/bico.ee\/fi\/wp-json\/wp\/v2\/media\/22772"}],"wp:attachment":[{"href":"https:\/\/bico.ee\/fi\/wp-json\/wp\/v2\/media?parent=22421"}],"wp:term":[{"taxonomy":"product_cat","embeddable":true,"href":"https:\/\/bico.ee\/fi\/wp-json\/wp\/v2\/product_cat?post=22421"},{"taxonomy":"product_tag","embeddable":true,"href":"https:\/\/bico.ee\/fi\/wp-json\/wp\/v2\/product_tag?post=22421"}],"curies":[{"name":"wp","href":"https:\/\/api.w.org\/{rel}","templated":true}]}}