{"id":22429,"date":"2026-04-10T18:44:04","date_gmt":"2026-04-10T18:44:04","guid":{"rendered":""},"modified":"2026-04-10T18:44:04","modified_gmt":"2026-04-10T18:44:04","slug":"kaevoru-nahast-bico-fb420blk","status":"publish","type":"product","link":"https:\/\/bico.ee\/fi\/p\/rannekoru-nahkainen-bico-fb420blk\/","title":{"rendered":"Rannekoru nahkainen Bico (FB420BLK)"},"content":{"rendered":"<p>Nimi: Triple Wrap<br \/>\n<BR><UL><LI> Nahkavanne k\u00e4sin viimeistellyill\u00e4 tinaliittimill\u00e4<br \/>\n<\/LI><LI> .2&#8242; (5mm) leve\u00e4 .08&#8242; (2mm) paksu nahkahihna, jossa on tinaliittimet, jotka kolminkertaisesti kietoutuvat ranteesi ymp\u00e4rille.<br \/>\n<\/LI><LI> Bico classic triple wristwrap, jossa yhdistyv\u00e4t .08&#8242; (2mm) x .2&#8242; (5mm) musta nahkahihna kiinte\u00e4ll\u00e4 tinaliittimell\u00e4, hapetettu musta ja sitten k\u00e4sin harjattu kohokohtien ja mattapinnan luomiseksi.<br \/>\n<\/LI><\/UL> <\/p>","protected":false},"excerpt":{"rendered":"<p>FB420BLK 0<\/p>\n","protected":false},"featured_media":22807,"template":"","meta":[],"product_cat":[106,159],"product_tag":[],"_links":{"self":[{"href":"https:\/\/bico.ee\/fi\/wp-json\/wp\/v2\/product\/22429"}],"collection":[{"href":"https:\/\/bico.ee\/fi\/wp-json\/wp\/v2\/product"}],"about":[{"href":"https:\/\/bico.ee\/fi\/wp-json\/wp\/v2\/types\/product"}],"wp:featuredmedia":[{"embeddable":true,"href":"https:\/\/bico.ee\/fi\/wp-json\/wp\/v2\/media\/22807"}],"wp:attachment":[{"href":"https:\/\/bico.ee\/fi\/wp-json\/wp\/v2\/media?parent=22429"}],"wp:term":[{"taxonomy":"product_cat","embeddable":true,"href":"https:\/\/bico.ee\/fi\/wp-json\/wp\/v2\/product_cat?post=22429"},{"taxonomy":"product_tag","embeddable":true,"href":"https:\/\/bico.ee\/fi\/wp-json\/wp\/v2\/product_tag?post=22429"}],"curies":[{"name":"wp","href":"https:\/\/api.w.org\/{rel}","templated":true}]}}