{"id":22433,"date":"2026-05-12T16:52:16","date_gmt":"2026-05-12T16:52:16","guid":{"rendered":""},"modified":"2026-05-12T16:52:16","modified_gmt":"2026-05-12T16:52:16","slug":"kaevoru-nahast-bico-fb421blk","status":"publish","type":"product","link":"https:\/\/bico.ee\/fi\/p\/rannekoru-nahkainen-bico-fb421blk\/","title":{"rendered":"Rannekoru nahkainen Bico (FB421BLK)"},"content":{"rendered":"<p>Nimi: Aquus<br \/>\n<BR><UL><LI> Kolme hihnaa .2&#8242; (5mm) leve\u00e4\u00e4 .08&#8242; (2mm) paksua nahkaa, jossa on k\u00e4sinviimeistellyt tinaliittimet<br \/>\n<\/LI><LI>Bico classic rannek\u00e4\u00e4re, jossa yhdistyv\u00e4t kolme .08&#8242; (2mm) x .2&#8242; (5mm) mustaa ja ruskeaa nahkahihnaa kiinte\u00e4ll\u00e4 tinaliittimell\u00e4, hapetettu musta ja sitten k\u00e4sin harjattu kohokohtien ja mattapinnan luomiseksi.<br \/>\n<\/LI><\/UL> <\/p>","protected":false},"excerpt":{"rendered":"<p>FB421BLKBR 0<\/p>\n","protected":false},"featured_media":22814,"template":"","meta":[],"product_cat":[106,159],"product_tag":[],"_links":{"self":[{"href":"https:\/\/bico.ee\/fi\/wp-json\/wp\/v2\/product\/22433"}],"collection":[{"href":"https:\/\/bico.ee\/fi\/wp-json\/wp\/v2\/product"}],"about":[{"href":"https:\/\/bico.ee\/fi\/wp-json\/wp\/v2\/types\/product"}],"wp:featuredmedia":[{"embeddable":true,"href":"https:\/\/bico.ee\/fi\/wp-json\/wp\/v2\/media\/22814"}],"wp:attachment":[{"href":"https:\/\/bico.ee\/fi\/wp-json\/wp\/v2\/media?parent=22433"}],"wp:term":[{"taxonomy":"product_cat","embeddable":true,"href":"https:\/\/bico.ee\/fi\/wp-json\/wp\/v2\/product_cat?post=22433"},{"taxonomy":"product_tag","embeddable":true,"href":"https:\/\/bico.ee\/fi\/wp-json\/wp\/v2\/product_tag?post=22433"}],"curies":[{"name":"wp","href":"https:\/\/api.w.org\/{rel}","templated":true}]}}