{"id":22441,"date":"2026-04-10T18:44:04","date_gmt":"2026-04-10T18:44:04","guid":{"rendered":""},"modified":"2026-04-10T18:44:04","modified_gmt":"2026-04-10T18:44:04","slug":"kaevoru-nahast-bico-fb423blk","status":"publish","type":"product","link":"https:\/\/bico.ee\/fi\/p\/rannekoru-nahkainen-bico-fb423blk\/","title":{"rendered":"Rannekoru nahkainen Bico (FB423BLK)"},"content":{"rendered":"<p>Nimi: Vigilant 2<br \/>\n<BR><UL><LI> Merkitys: ikuisesti valpas<br \/>\n<\/LI><LI> Kaksi hihnaa .2&#8242; (5mm) leve\u00e4\u00e4 .08&#8242; (2mm) paksua nahkaa, k\u00e4sin viimeistellyt tinaliittimet ja kalloelementit<br \/>\n<\/LI><LI> Bico classic -rannek\u00e4\u00e4re, jossa yhdistyv\u00e4t kaksi 5 mm:n (2 mm) (2 mm) x ,2 tuuman (5 mm) mustaa nahkahihnaa, joissa on kiinte\u00e4t tinap\u00e4\u00e4kalloelementit ja liittimet, hapetettu musta ja sitten k\u00e4sin harjattu kohokohtien ja mattapinnan luomiseksi.<br \/>\n<\/LI><\/UL> <\/p>","protected":false},"excerpt":{"rendered":"<p>FB423BLK 0<\/p>\n","protected":false},"featured_media":22831,"template":"","meta":[],"product_cat":[106,159],"product_tag":[],"_links":{"self":[{"href":"https:\/\/bico.ee\/fi\/wp-json\/wp\/v2\/product\/22441"}],"collection":[{"href":"https:\/\/bico.ee\/fi\/wp-json\/wp\/v2\/product"}],"about":[{"href":"https:\/\/bico.ee\/fi\/wp-json\/wp\/v2\/types\/product"}],"wp:featuredmedia":[{"embeddable":true,"href":"https:\/\/bico.ee\/fi\/wp-json\/wp\/v2\/media\/22831"}],"wp:attachment":[{"href":"https:\/\/bico.ee\/fi\/wp-json\/wp\/v2\/media?parent=22441"}],"wp:term":[{"taxonomy":"product_cat","embeddable":true,"href":"https:\/\/bico.ee\/fi\/wp-json\/wp\/v2\/product_cat?post=22441"},{"taxonomy":"product_tag","embeddable":true,"href":"https:\/\/bico.ee\/fi\/wp-json\/wp\/v2\/product_tag?post=22441"}],"curies":[{"name":"wp","href":"https:\/\/api.w.org\/{rel}","templated":true}]}}