{"id":22449,"date":"2026-04-10T18:44:04","date_gmt":"2026-04-10T18:44:04","guid":{"rendered":""},"modified":"2026-04-10T18:44:04","modified_gmt":"2026-04-10T18:44:04","slug":"kaevoru-nahast-bico-fb425blk","status":"publish","type":"product","link":"https:\/\/bico.ee\/fi\/p\/rannekoru-nahkainen-bico-fb425blk\/","title":{"rendered":"Rannekoru nahkainen Bico (FB425BLK)"},"content":{"rendered":"<p>Nimi: Keih\u00e4sk\u00e4rki<br \/>\n<BR><UL><LI> Merkitys: ter\u00e4v\u00e4 p\u00e4\u00e4tt\u00e4v\u00e4isyys ja seikkailu<br \/>\n<\/LI><LI> Ainutlaatuinen Bico-muotoilu, jossa k\u00e4ytet\u00e4\u00e4n kahta 3 mm:n (.12&#8242;) nahkanauhaa ja tinap\u00e4\u00e4kalloliittimi\u00e4.<br \/>\n<\/LI><LI> Alkuper\u00e4inen ja ainutlaatuinen Bico-muotoilu, jossa yhdistyv\u00e4t 2 s\u00e4iett\u00e4 .12&#8242; (3mm) mustia nahkanaruja ja kiinte\u00e4 tina-Skull &amp;; Spike -liitin.<br \/>\n<\/LI><\/UL> <\/p>","protected":false},"excerpt":{"rendered":"<p>FB425BLK 0<\/p>\n","protected":false},"featured_media":22851,"template":"","meta":[],"product_cat":[106,159],"product_tag":[],"_links":{"self":[{"href":"https:\/\/bico.ee\/fi\/wp-json\/wp\/v2\/product\/22449"}],"collection":[{"href":"https:\/\/bico.ee\/fi\/wp-json\/wp\/v2\/product"}],"about":[{"href":"https:\/\/bico.ee\/fi\/wp-json\/wp\/v2\/types\/product"}],"wp:featuredmedia":[{"embeddable":true,"href":"https:\/\/bico.ee\/fi\/wp-json\/wp\/v2\/media\/22851"}],"wp:attachment":[{"href":"https:\/\/bico.ee\/fi\/wp-json\/wp\/v2\/media?parent=22449"}],"wp:term":[{"taxonomy":"product_cat","embeddable":true,"href":"https:\/\/bico.ee\/fi\/wp-json\/wp\/v2\/product_cat?post=22449"},{"taxonomy":"product_tag","embeddable":true,"href":"https:\/\/bico.ee\/fi\/wp-json\/wp\/v2\/product_tag?post=22449"}],"curies":[{"name":"wp","href":"https:\/\/api.w.org\/{rel}","templated":true}]}}