{"id":22453,"date":"2026-04-10T18:44:04","date_gmt":"2026-04-10T18:44:04","guid":{"rendered":""},"modified":"2026-04-10T18:44:04","modified_gmt":"2026-04-10T18:44:04","slug":"kaevoru-puuvillast-mitmekihiline-bico-fb430blk","status":"publish","type":"product","link":"https:\/\/bico.ee\/fi\/p\/rannekoru-puuvillaa-monikerroksinen-bico-fb430blk\/","title":{"rendered":"Rannekoru puuvillaa, monikerroksinen Bico (FB430BLK)"},"content":{"rendered":"<p>Nimi: Strands<br \/>\n<BR><UL><LI> Monis\u00e4ikeinen puuvillarannekoru k\u00e4sin viimeistellyill\u00e4 tinaliittimill\u00e4<br \/>\n<\/LI><LI> Bico classic rannek\u00e4\u00e4re, jossa yhdistyv\u00e4t viisi mustaa 1 mm:n (.04&#8242;) puuvillanauhaa kiinteill\u00e4 tinaliittimill\u00e4, hapetettu musta ja sitten k\u00e4sin harjattu kohokohtien ja mattapinnan luomiseksi.<br \/>\n<\/LI><\/UL> <\/p>","protected":false},"excerpt":{"rendered":"<p>FB430BLK 0<\/p>\n","protected":false},"featured_media":22858,"template":"","meta":[],"product_cat":[106,159],"product_tag":[],"_links":{"self":[{"href":"https:\/\/bico.ee\/fi\/wp-json\/wp\/v2\/product\/22453"}],"collection":[{"href":"https:\/\/bico.ee\/fi\/wp-json\/wp\/v2\/product"}],"about":[{"href":"https:\/\/bico.ee\/fi\/wp-json\/wp\/v2\/types\/product"}],"wp:featuredmedia":[{"embeddable":true,"href":"https:\/\/bico.ee\/fi\/wp-json\/wp\/v2\/media\/22858"}],"wp:attachment":[{"href":"https:\/\/bico.ee\/fi\/wp-json\/wp\/v2\/media?parent=22453"}],"wp:term":[{"taxonomy":"product_cat","embeddable":true,"href":"https:\/\/bico.ee\/fi\/wp-json\/wp\/v2\/product_cat?post=22453"},{"taxonomy":"product_tag","embeddable":true,"href":"https:\/\/bico.ee\/fi\/wp-json\/wp\/v2\/product_tag?post=22453"}],"curies":[{"name":"wp","href":"https:\/\/api.w.org\/{rel}","templated":true}]}}